{"id":10108,"date":"2021-01-05T13:23:52","date_gmt":"2021-01-05T11:23:52","guid":{"rendered":"https:\/\/bieler-augenzentrum.ch\/?page_id=10108"},"modified":"2021-01-05T14:36:02","modified_gmt":"2021-01-05T12:36:02","slug":"groupes-de-parole-pour-les-personnes-affectees-de-dmla","status":"publish","type":"page","link":"https:\/\/bieler-augenzentrum.ch\/fr\/actualites\/groupes-de-parole-pour-les-personnes-affectees-de-dmla\/","title":{"rendered":"Groupes de parole pour les personnes affect\u00e9es de DMLA"},"content":{"rendered":"\n<p>\u201e\u00cates-vous affect\u00e9 de d\u00e9g\u00e9n\u00e9rescence maculaire li\u00e9e \u00e0 l\u2019\u00e2ge ? Souhaitez-vous \u00e9changer r\u00e9guli\u00e8rement des informations avec d\u2019autres personnes concern\u00e9es ?\u201c <\/p>\n\n\n\n<p>Retina Suisse propose des groupes de discussion dans diff\u00e9rentes villes suisses. Les groupes forment une plate-forme d&rsquo;\u00e9change d&rsquo;exp\u00e9riences, de sentiments, de supports, de conseils et d&rsquo;astuces. Les discussions sont men\u00e9es par des personnes exp\u00e9riment\u00e9es qui sont elles-m\u00eames concern\u00e9es. Les d\u00e9tails \u2013 dates des cours, orientations des cours \u2013 peuvent \u00eatre trouv\u00e9s sur le site de Retina Suisse :<\/p>\n\n\n\n<p><a href=\"https:\/\/retina.ch\/fr\/consultations\/groupes-de-parole-dmla\/\" target=\"_blank\" rel=\"noreferrer noopener\">https:\/\/retina.ch\/fr\/consultations\/groupes-de-parole-dmla\/<\/a><\/p>\n","protected":false},"excerpt":{"rendered":"<p>\u201e\u00cates-vous affect\u00e9 de d\u00e9g\u00e9n\u00e9rescence maculaire li\u00e9e \u00e0 l\u2019\u00e2ge ? Souhaitez-vous \u00e9changer r\u00e9guli\u00e8rement des informations avec d\u2019autres personnes concern\u00e9es ?\u201c Retina Suisse propose des groupes de discussion dans diff\u00e9rentes villes suisses. Les groupes forment une plate-forme d&rsquo;\u00e9change d&rsquo;exp\u00e9riences, de sentiments, de supports, de conseils et d&rsquo;astuces. Les discussions sont men\u00e9es par des personnes exp\u00e9riment\u00e9es qui sont<a class=\"excerpt-read-more\" href=\"https:\/\/bieler-augenzentrum.ch\/fr\/actualites\/groupes-de-parole-pour-les-personnes-affectees-de-dmla\/\" title=\"ReadGroupes de parole pour les personnes affect\u00e9es de DMLA\">&#8230; Read more &raquo;<\/a><\/p>\n","protected":false},"author":2,"featured_media":10113,"parent":7908,"menu_order":2,"comment_status":"closed","ping_status":"closed","template":"template-full-width-teaser.php","meta":{"_acf_changed":false,"footnotes":""},"class_list":["post-10108","page","type-page","status-publish","has-post-thumbnail","hentry"],"acf":[],"_links":{"self":[{"href":"https:\/\/bieler-augenzentrum.ch\/fr\/wp-json\/wp\/v2\/pages\/10108","targetHints":{"allow":["GET"]}}],"collection":[{"href":"https:\/\/bieler-augenzentrum.ch\/fr\/wp-json\/wp\/v2\/pages"}],"about":[{"href":"https:\/\/bieler-augenzentrum.ch\/fr\/wp-json\/wp\/v2\/types\/page"}],"author":[{"embeddable":true,"href":"https:\/\/bieler-augenzentrum.ch\/fr\/wp-json\/wp\/v2\/users\/2"}],"replies":[{"embeddable":true,"href":"https:\/\/bieler-augenzentrum.ch\/fr\/wp-json\/wp\/v2\/comments?post=10108"}],"version-history":[{"count":2,"href":"https:\/\/bieler-augenzentrum.ch\/fr\/wp-json\/wp\/v2\/pages\/10108\/revisions"}],"predecessor-version":[{"id":10110,"href":"https:\/\/bieler-augenzentrum.ch\/fr\/wp-json\/wp\/v2\/pages\/10108\/revisions\/10110"}],"up":[{"embeddable":true,"href":"https:\/\/bieler-augenzentrum.ch\/fr\/wp-json\/wp\/v2\/pages\/7908"}],"wp:featuredmedia":[{"embeddable":true,"href":"https:\/\/bieler-augenzentrum.ch\/fr\/wp-json\/wp\/v2\/media\/10113"}],"wp:attachment":[{"href":"https:\/\/bieler-augenzentrum.ch\/fr\/wp-json\/wp\/v2\/media?parent=10108"}],"curies":[{"name":"wp","href":"https:\/\/api.w.org\/{rel}","templated":true}]}}