{"id":10610,"date":"2021-06-28T20:25:32","date_gmt":"2021-06-28T18:25:22","guid":{"rendered":"https:\/\/bieler-augenzentrum.ch\/a-propos\/eventail-des-prestations\/orthoptik\/"},"modified":"2021-06-30T12:27:15","modified_gmt":"2021-06-30T10:27:15","slug":"orthoptik","status":"publish","type":"page","link":"https:\/\/bieler-augenzentrum.ch\/fr\/a-propos\/eventail-des-prestations\/orthoptik\/","title":{"rendered":"Orthoptique (\u00e9cole de la vision)"},"content":{"rendered":"\t<div class=\"grid-x grid-margin-x grid-padding-x block-bild-text le medium-margin-collapse\">\n\t  <div class=\"cell medium-4 large-4\">\n\t  \t\t\t\t\t\t\t\t\t\t<div class=\"singleImg\">\n\t\t\t\t\t\t<img decoding=\"async\" alt=\"\" title=\"\" class=\"bt-img\" src=\"https:\/\/bieler-augenzentrum.ch\/wp-content\/uploads\/Refraktion1-300x300.jpg\" \/>\n\t\t\t\t\t\t<div class=\"singleImgCaption\">Oculus (lunettes de r\u00e9fraction)<\/div>\n\t\t\t\t\t<\/div>\n\t\t\t\t\t\t\t\t\n\t  \n\t  <\/div>\n\t  <div class=\"cell medium-8 large-8\"><p>Les sympt\u00f4mes suivants peuvent indiquer un probl\u00e8me de vision :<\/p>\n<h3>Chez les jeunes enfants<\/h3>\n<p>Frottement des yeux, clignements fr\u00e9quents, larmoiements ou chocs contre les meubles, apparition de probl\u00e8mes de vue dans la famille.<\/p>\n<p>Plus un probl\u00e8me de vision est d\u00e9tect\u00e9 t\u00f4t, plus les chances de le gu\u00e9rir sont grandes.<\/p>\n<p>C&rsquo;est pourquoi chaque enfant devrait subir un examen des yeux d\u00e8s l&rsquo;\u00e2ge de 3 ans.<\/p>\n<h3>Pour les \u00e9coliers et les adultes<\/h3>\n<p>Fatigue rapide lors de la lecture, maux de t\u00eate, clignement fr\u00e9quent des yeux ou perception intermittente d&rsquo;images doubles.<\/p>\n<p>En fonction des r\u00e9sultats, un entra\u00eenement oculaire est effectu\u00e9 ou des lunettes sp\u00e9ciales avec des prismes sont prescrites.<\/p>\n<\/div>\n\t<\/div>\n","protected":false},"excerpt":{"rendered":"","protected":false},"author":1,"featured_media":0,"parent":7890,"menu_order":1,"comment_status":"closed","ping_status":"closed","template":"template-full-width-teaser.php","meta":{"_acf_changed":false,"footnotes":""},"class_list":["post-10610","page","type-page","status-publish","hentry"],"acf":[],"_links":{"self":[{"href":"https:\/\/bieler-augenzentrum.ch\/fr\/wp-json\/wp\/v2\/pages\/10610","targetHints":{"allow":["GET"]}}],"collection":[{"href":"https:\/\/bieler-augenzentrum.ch\/fr\/wp-json\/wp\/v2\/pages"}],"about":[{"href":"https:\/\/bieler-augenzentrum.ch\/fr\/wp-json\/wp\/v2\/types\/page"}],"author":[{"embeddable":true,"href":"https:\/\/bieler-augenzentrum.ch\/fr\/wp-json\/wp\/v2\/users\/1"}],"replies":[{"embeddable":true,"href":"https:\/\/bieler-augenzentrum.ch\/fr\/wp-json\/wp\/v2\/comments?post=10610"}],"version-history":[{"count":5,"href":"https:\/\/bieler-augenzentrum.ch\/fr\/wp-json\/wp\/v2\/pages\/10610\/revisions"}],"predecessor-version":[{"id":10680,"href":"https:\/\/bieler-augenzentrum.ch\/fr\/wp-json\/wp\/v2\/pages\/10610\/revisions\/10680"}],"up":[{"embeddable":true,"href":"https:\/\/bieler-augenzentrum.ch\/fr\/wp-json\/wp\/v2\/pages\/7890"}],"wp:attachment":[{"href":"https:\/\/bieler-augenzentrum.ch\/fr\/wp-json\/wp\/v2\/media?parent=10610"}],"curies":[{"name":"wp","href":"https:\/\/api.w.org\/{rel}","templated":true}]}}