{"id":10857,"date":"2021-12-24T01:47:15","date_gmt":"2021-12-23T23:47:44","guid":{"rendered":"https:\/\/bieler-augenzentrum.ch\/actualites\/offene-stellen\/optikerin-2\/"},"modified":"2022-03-29T11:01:06","modified_gmt":"2022-03-29T09:01:06","slug":"tbvhfdvhvsfdh","status":"publish","type":"page","link":"https:\/\/bieler-augenzentrum.ch\/fr\/actualites\/postes-vacants\/tbvhfdvhvsfdh\/","title":{"rendered":"Opticien\/-ne"},"content":{"rendered":"\n<h2 class=\"wp-block-heading\">env. 80%<\/h2>\n\n\n\n<p>La Clinique ophtalmologique de Berne cherche pour son site de Bienne <strong>de suite<\/strong> ou \u00e0 convenir un\/-e opticien\/-ne.<\/p>\n\n\n\n<p>Nous offrons \u00e0 notre patient\u00e8le un diagnostic pr\u00e9cis et un traitement comp\u00e9tent des maladies oculaires des segments ant\u00e9rieurs et post\u00e9rieurs. Notre \u00e9quipe prend en charge les urgences ophtalmologiques ainsi que les examens de d\u00e9pistage. En \u00e9troite collaboration avec le site de Berne nous garantissons une prise en charge compl\u00e8te de nos patients..<\/p>\n\n\n\n<p><strong>Votre mission<\/strong><br>consistera, en plus des examens de la vue et de la prescription de lunettes, \u00e0 aider nos m\u00e9decins et notre optom\u00e9triste en effectuant diff\u00e9rents examens compl\u00e9mentaires (OCT, champs visuels, topographie, biom\u00e9trie)..<\/p>\n\n\n\n<p><strong>Votre profil<\/strong><\/p>\n\n\n\n<ul class=\"wp-block-list\"><li>Formation d&rsquo;opticien(ne) achev\u00e9e<\/li><li>Go\u00fbt pour le contact avec les patients et le travail en \u00e9quipe<\/li><li>Aisance dans l&rsquo;utilisation de MS-Office<\/li><li>Travail ind\u00e9pendant et pr\u00e9cis<\/li><li>Flexibilit\u00e9 et r\u00e9sistance au stress, m\u00eame en p\u00e9riode de forte activit\u00e9<\/li><li>Initiative personnelle ainsi que sens des responsabilit\u00e9s et travail autonome<\/li><li>Tr\u00e8s bonnes connaissances linguistiques en fran\u00e7ais (imp\u00e9ratif) et en allemand (des connaissances en anglais sont un avantage)<\/li><\/ul>\n\n\n\n<p><strong>Ce qui vous attend<\/strong><\/p>\n\n\n\n<ul class=\"wp-block-list\"><li>Une activit\u00e9 vari\u00e9e et passionnante<\/li><li>Une \u00e9quipe jeune et motiv\u00e9e<\/li><li>Environnement attrayant dans lequel la responsabilit\u00e9 personnelle, l&rsquo;enthousiasme, la loyaut\u00e9 et l&rsquo;esprit d&rsquo;\u00e9quipe occupent une place importante&lt;.<\/li><li>Infrastructure moderne et bien \u00e9quip\u00e9e<\/li><li>Pas de service le week-end<\/li><li>R\u00e9compense pour les id\u00e9es innovantes et les am\u00e9liorations<\/li><li>Participation \u00e0 des formations internes<\/li><\/ul>\n\n\n\n<p><strong>Jacqueline Balmer se tient \u00e0 votre disposition pour r\u00e9pondre \u00e0 vos questions.<\/strong><br>T\u00e9l. +41 31 311 12 22<br><a href=\"mailto:jacqueline.balmer@augenklinik-bern.ch?subject=Frage%20zur%20Stelle%20%27Humanbiologen%20oder%20biomedizinischen%20Wissenschaftler%20(m\/w)%27\">jacqueline.balmer@augenklinik-bern.ch<\/a> <\/p>\n\n\n\n<h2 class=\"wp-block-heading\">Veuillez envoyer votre dossier de candidature complet par e-mail \u00e0<\/h2>\n\n\n\n<p> <a href=\"mailto:jacqueline.balmer@augenklinik-bern.ch?subject=Bewerbung%20fuer%20Stelle%20%27Humanbiologen%20oder%20biomedizinischen%20Wissenschaftler%20(m\/w)%27\">jacqueline.balmer@augenklinik-bern.ch<\/a> <\/p>\n\n\n\n<h2 class=\"wp-block-heading\">ou par courrier \u00e0 <\/h2>\n\n\n\n<p>Berner Augenklinik<br>\u00e0 l&rsquo;attention de Jacqueline Balmer<br>Bremgartenstrasse 119<br>CH &#8211; 3012 Bern <\/p>\n\n\n\n<p> <a href=\"https:\/\/bieler-augenzentrum.ch\/fr\/actualites\/postes-vacants\/\">retour<\/a> <\/p>\n","protected":false},"excerpt":{"rendered":"<p>env. 80% La Clinique ophtalmologique de Berne cherche pour son site de Bienne de suite ou \u00e0 convenir un\/-e opticien\/-ne. Nous offrons \u00e0 notre patient\u00e8le un diagnostic pr\u00e9cis et un traitement comp\u00e9tent des maladies oculaires des segments ant\u00e9rieurs et post\u00e9rieurs. Notre \u00e9quipe prend en charge les urgences ophtalmologiques ainsi que les examens de d\u00e9pistage. En<a class=\"excerpt-read-more\" href=\"https:\/\/bieler-augenzentrum.ch\/fr\/actualites\/postes-vacants\/tbvhfdvhvsfdh\/\" title=\"ReadOpticien\/-ne\">&#8230; Read more &raquo;<\/a><\/p>\n","protected":false},"author":1,"featured_media":0,"parent":10852,"menu_order":0,"comment_status":"closed","ping_status":"closed","template":"","meta":{"_acf_changed":false,"footnotes":""},"class_list":["post-10857","page","type-page","status-publish","hentry"],"acf":[],"_links":{"self":[{"href":"https:\/\/bieler-augenzentrum.ch\/fr\/wp-json\/wp\/v2\/pages\/10857","targetHints":{"allow":["GET"]}}],"collection":[{"href":"https:\/\/bieler-augenzentrum.ch\/fr\/wp-json\/wp\/v2\/pages"}],"about":[{"href":"https:\/\/bieler-augenzentrum.ch\/fr\/wp-json\/wp\/v2\/types\/page"}],"author":[{"embeddable":true,"href":"https:\/\/bieler-augenzentrum.ch\/fr\/wp-json\/wp\/v2\/users\/1"}],"replies":[{"embeddable":true,"href":"https:\/\/bieler-augenzentrum.ch\/fr\/wp-json\/wp\/v2\/comments?post=10857"}],"version-history":[{"count":5,"href":"https:\/\/bieler-augenzentrum.ch\/fr\/wp-json\/wp\/v2\/pages\/10857\/revisions"}],"predecessor-version":[{"id":10991,"href":"https:\/\/bieler-augenzentrum.ch\/fr\/wp-json\/wp\/v2\/pages\/10857\/revisions\/10991"}],"up":[{"embeddable":true,"href":"https:\/\/bieler-augenzentrum.ch\/fr\/wp-json\/wp\/v2\/pages\/10852"}],"wp:attachment":[{"href":"https:\/\/bieler-augenzentrum.ch\/fr\/wp-json\/wp\/v2\/media?parent=10857"}],"curies":[{"name":"wp","href":"https:\/\/api.w.org\/{rel}","templated":true}]}}