{"id":11113,"date":"2021-02-12T16:08:58","date_gmt":"2021-02-12T14:08:58","guid":{"rendered":"https:\/\/bieler-augenzentrum.ch\/patienten\/maladies-des-yeux\/nachstar\/"},"modified":"2022-08-07T14:24:34","modified_gmt":"2022-08-07T12:24:34","slug":"nachstar","status":"publish","type":"page","link":"https:\/\/bieler-augenzentrum.ch\/fr\/patienten\/maladies-des-yeux\/nachstar\/","title":{"rendered":"Cataracte secondaire"},"content":{"rendered":"\n\n\n\n<p>Cataracte secondaire apr\u00e8s une op\u00e9ration de la cataracte<\/p>\n\n\n\n\t<ul class=\"accordion\" data-accordion data-allow-all-closed=\"true\" data-multi-expand=\"true\">\n\t\n\t\t\t\t\t<li class=\"accordion-item grid-x grid-margin-x grid-padding-x\" data-accordion-item>\n\t\t\t\t<a href=\"#\" class=\"accordion-title small-12 medium-8 large-8 large-offset-4 medium-offset-4 cell\">INTRODUCTION <\/a>\n\t\t\t\t<div class=\"accordion-content\" data-tab-content>\n\t\t\t\t\t<div class=\"grid-x grid-margin-x grid-padding-x medium-margin-collapse\">\n\t\t\t\t\t\t\n\t\t\t\t\t\t<div class=\"accordion-img small-12 medium-4 large-4 cell\">\n\t\t\t\t\t\t\t\n\t\t\t\t\t\t\t\n\t\t\t\t\t\t<\/div>\n\t\t\t\t\t\t<div class=\"accordion-txt small-12 medium-8 large-8 cell\">\n\t\t\t\t\t<p>Lors de l&rsquo;op\u00e9ration de la cataracte, la capsule post\u00e9rieure du cristallin est utilis\u00e9e pour l&rsquo;ancrage de la lentille artificielle. Avec le temps, celle-ci peut s&rsquo;opacifier quelque peu et entra\u00eener une nouvelle baisse de la vision. En l\u2019absence de traitement, la vision peut continuer \u00e0 se d\u00e9grader lentement. L&rsquo;ablation au laser, est un traitement rapide et indolore \u00a0qui permet d\u2019am\u00e9liorer l&rsquo;acuit\u00e9 visuelle.<\/p>\n\t\t\t\t\t\t<\/div>\n\t\t\t\t\t<\/div>\n\t\t\t\t<\/div>\n\t\t\t<\/li>\n\t\t\t\t\t<li class=\"accordion-item grid-x grid-margin-x grid-padding-x\" data-accordion-item>\n\t\t\t\t<a href=\"#\" class=\"accordion-title small-12 medium-8 large-8 large-offset-4 medium-offset-4 cell\">TRAITEMENT <\/a>\n\t\t\t\t<div class=\"accordion-content\" data-tab-content>\n\t\t\t\t\t<div class=\"grid-x grid-margin-x grid-padding-x medium-margin-collapse\">\n\t\t\t\t\t\t\n\t\t\t\t\t\t<div class=\"accordion-img small-12 medium-4 large-4 cell\">\n\t\t\t\t\t\t\t\n\t\t\t\t\t\t\t\n\t\t\t\t\t\t<\/div>\n\t\t\t\t\t\t<div class=\"accordion-txt small-12 medium-8 large-8 cell\">\n\t\t\t\t\t<p>Un faisceau laser, pr\u00e9cis\u00e9ment cibl\u00e9, est dirig\u00e9 dans l&rsquo;\u0153il. \u00a0Il permet d&rsquo;ouvrir la capsule post\u00e9rieure du cristallin opacifi\u00e9e et de la s\u00e9parer. Elle descend alors dans l&rsquo;espace vitr\u00e9 derri\u00e8re le cristallin et peut parfois \u00eatre vue comme une ombre flottante transparente au cours des premiers jours. Chez les adultes, une nouvelle cataracte dite secondaire ne se produit plus par la suite.<\/p>\n\t\t\t\t\t\t<\/div>\n\t\t\t\t\t<\/div>\n\t\t\t\t<\/div>\n\t\t\t<\/li>\n\t\t\t\t\t<li class=\"accordion-item grid-x grid-margin-x grid-padding-x\" data-accordion-item>\n\t\t\t\t<a href=\"#\" class=\"accordion-title small-12 medium-8 large-8 large-offset-4 medium-offset-4 cell\">COMPLICATIONS <\/a>\n\t\t\t\t<div class=\"accordion-content\" data-tab-content>\n\t\t\t\t\t<div class=\"grid-x grid-margin-x grid-padding-x medium-margin-collapse\">\n\t\t\t\t\t\t\n\t\t\t\t\t\t<div class=\"accordion-img small-12 medium-4 large-4 cell\">\n\t\t\t\t\t\t\t\n\t\t\t\t\t\t\t\n\t\t\t\t\t\t<\/div>\n\t\t\t\t\t\t<div class=\"accordion-txt small-12 medium-8 large-8 cell\">\n\t\t\t\t\t<p>Les complications graves li\u00e9es au traitement de la cataracte secondaire sont extr\u00eamement rares. Il convient \u00a0cependant d&rsquo;attirer l&rsquo;attention sur les complications possibles, afin de savoir \u00e0 quoi s&rsquo;attendre en postop\u00e9ratoire. Les complications suivantes pourraient survenir, et ce malgr\u00e9 le plus grand soin :<\/p>\n<ul>\n<li>Une augmentation temporaire de la pression intraoculaire se produit dans 2 \u00e03% des cas apr\u00e8s le traitement au laser. C&rsquo;est pourquoi la pression oculaire doit \u00eatre contr\u00f4l\u00e9e dans les premiers jours suivants l\u2019op\u00e9ration \u00a0et trait\u00e9e par des m\u00e9dicaments si n\u00e9cessaire.<\/li>\n<li>Les dommages caus\u00e9s au cristallin artificiel par le traitement au laser sont rares. I Mais ils peuvent entra\u00eener une sensibilit\u00e9 accrue \u00e0 l&rsquo;\u00e9blouissement et des troubles de la vision.<\/li>\n<li>Un patient sur cinq pr\u00e9sente un gonflement du centre de la r\u00e9tine, qui peut entra\u00eener une baisse temporaire de l&rsquo;acuit\u00e9 visuelle. Si tel est le cas, des gouttes oculaires postop\u00e9ratoires doivent \u00eatre administr\u00e9es pendant une p\u00e9riode prolong\u00e9e.<\/li>\n<li>Chez environ 1 patient sur 30, le traitement est suivi d&rsquo;un d\u00e9collement de la r\u00e9tine dont nous ne comprenons pas l&rsquo;origine exacte. Il faut alors proc\u00e9der \u00e0 une op\u00e9ration pour remettre la r\u00e9tine en place. l.Il est normal que des points soient per\u00e7us devant l\u2019\u0153il dans les premiers jours suivants l\u2019op\u00e9rations. Mais si des points ou des \u00e9clairs apparaissent plus d&rsquo;une semaine apr\u00e8s le traitement, ou si l&rsquo;on remarque une ombre opaque ou un mur qui s&rsquo;agrandit peu \u00e0 peu, il faut se rendre imm\u00e9diatement chez l&rsquo;ophtalmologue.<\/li>\n<\/ul>\n\t\t\t\t\t\t<\/div>\n\t\t\t\t\t<\/div>\n\t\t\t\t<\/div>\n\t\t\t<\/li>\n\t\t\t\n\t<\/ul>\n\n","protected":false},"excerpt":{"rendered":"<p>Cataracte secondaire apr\u00e8s une op\u00e9ration de la cataracte<\/p>\n","protected":false},"author":1,"featured_media":0,"parent":7867,"menu_order":0,"comment_status":"closed","ping_status":"closed","template":"template-full-width-teaser.php","meta":{"_acf_changed":false,"footnotes":""},"class_list":["post-11113","page","type-page","status-publish","hentry"],"acf":[],"_links":{"self":[{"href":"https:\/\/bieler-augenzentrum.ch\/fr\/wp-json\/wp\/v2\/pages\/11113","targetHints":{"allow":["GET"]}}],"collection":[{"href":"https:\/\/bieler-augenzentrum.ch\/fr\/wp-json\/wp\/v2\/pages"}],"about":[{"href":"https:\/\/bieler-augenzentrum.ch\/fr\/wp-json\/wp\/v2\/types\/page"}],"author":[{"embeddable":true,"href":"https:\/\/bieler-augenzentrum.ch\/fr\/wp-json\/wp\/v2\/users\/1"}],"replies":[{"embeddable":true,"href":"https:\/\/bieler-augenzentrum.ch\/fr\/wp-json\/wp\/v2\/comments?post=11113"}],"version-history":[{"count":4,"href":"https:\/\/bieler-augenzentrum.ch\/fr\/wp-json\/wp\/v2\/pages\/11113\/revisions"}],"predecessor-version":[{"id":11120,"href":"https:\/\/bieler-augenzentrum.ch\/fr\/wp-json\/wp\/v2\/pages\/11113\/revisions\/11120"}],"up":[{"embeddable":true,"href":"https:\/\/bieler-augenzentrum.ch\/fr\/wp-json\/wp\/v2\/pages\/7867"}],"wp:attachment":[{"href":"https:\/\/bieler-augenzentrum.ch\/fr\/wp-json\/wp\/v2\/media?parent=11113"}],"curies":[{"name":"wp","href":"https:\/\/api.w.org\/{rel}","templated":true}]}}