{"id":11151,"date":"2021-02-05T12:03:07","date_gmt":"2021-02-05T10:03:07","guid":{"rendered":"https:\/\/bieler-augenzentrum.ch\/patienten\/maladies-des-yeux\/vitrektomie\/"},"modified":"2022-08-07T15:14:20","modified_gmt":"2022-08-07T13:14:20","slug":"vitrectomie","status":"publish","type":"page","link":"https:\/\/bieler-augenzentrum.ch\/fr\/patienten\/maladies-des-yeux\/vitrectomie\/","title":{"rendered":"Vitrectomie"},"content":{"rendered":"\n\n\n\n<p>Les maladies du centre de la r\u00e9tine (macula) et leur traitement par ablation du corps vitr\u00e9 (vitrectomie).<\/p>\n\n\n\n\t<ul class=\"accordion\" data-accordion data-allow-all-closed=\"true\" data-multi-expand=\"true\">\n\t\n\t\t\t\t\t<li class=\"accordion-item grid-x grid-margin-x grid-padding-x\" data-accordion-item>\n\t\t\t\t<a href=\"#\" class=\"accordion-title small-12 medium-8 large-8 large-offset-4 medium-offset-4 cell\">INTRODUCTION<\/a>\n\t\t\t\t<div class=\"accordion-content\" data-tab-content>\n\t\t\t\t\t<div class=\"grid-x grid-margin-x grid-padding-x medium-margin-collapse\">\n\t\t\t\t\t\t\n\t\t\t\t\t\t<div class=\"accordion-img small-12 medium-4 large-4 cell\">\n\t\t\t\t\t\t\t\n\t\t\t\t\t\t\t\n\t\t\t\t\t\t<\/div>\n\t\t\t\t\t\t<div class=\"accordion-txt small-12 medium-8 large-8 cell\">\n\t\t\t\t\t<p>Une alt\u00e9ration m\u00e9canique du centre de la r\u00e9tine peut entra\u00eener une perte de l&rsquo;acuit\u00e9 visuelle et un trouble de la vision binoculaire. Le probl\u00e8me principal est le suivant :<\/p>\n<ul>\n<li>une couche de tissu cicatriciel (membrane) sur le centre de la r\u00e9tine avec d\u00e9formation des cellules sensorielles de la r\u00e9tine<\/li>\n<li>un trou au centre de la r\u00e9tine (trou maculaire)<\/li>\n<li>des opacit\u00e9s g\u00eanantes du vitr\u00e9 qui affectent la vision<\/li>\n<li>une inflammation avec gonflement du centre de la r\u00e9tine (\u0153d\u00e8me maculaire).<\/li>\n<\/ul>\n<p>L&rsquo;objectif de l&rsquo;op\u00e9ration est d&rsquo;\u00e9liminer les opacit\u00e9s g\u00eanantes et les facteurs m\u00e9caniques perturbant la vision.<\/p>\n\t\t\t\t\t\t<\/div>\n\t\t\t\t\t<\/div>\n\t\t\t\t<\/div>\n\t\t\t<\/li>\n\t\t\t\t\t<li class=\"accordion-item grid-x grid-margin-x grid-padding-x\" data-accordion-item>\n\t\t\t\t<a href=\"#\" class=\"accordion-title small-12 medium-8 large-8 large-offset-4 medium-offset-4 cell\">TRAITEMENT<\/a>\n\t\t\t\t<div class=\"accordion-content\" data-tab-content>\n\t\t\t\t\t<div class=\"grid-x grid-margin-x grid-padding-x medium-margin-collapse\">\n\t\t\t\t\t\t\n\t\t\t\t\t\t<div class=\"accordion-img small-12 medium-4 large-4 cell\">\n\t\t\t\t\t\t\t\n\t\t\t\t\t\t\t\n\t\t\t\t\t\t<\/div>\n\t\t\t\t\t\t<div class=\"accordion-txt small-12 medium-8 large-8 cell\">\n\t\t\t\t\t<p>L&rsquo;ablation du corps vitr\u00e9 permet d&rsquo;\u00e9liminer tous les facteurs m\u00e9caniques et les opacit\u00e9s optiquement g\u00eanantes de la r\u00e9tine. Une am\u00e9lioration de la fonction visuelle ne peut toutefois \u00eatre obtenue que si la structure de la r\u00e9tine n&rsquo;est pas encore endommag\u00e9e de mani\u00e8re irr\u00e9versible et peut donc se r\u00e9tablir \u00e0 long terme. Cela peut prendre parfois plus d&rsquo;un an. Sans traitement, il ne faut pas s&rsquo;attendre \u00e0 une am\u00e9lioration de la vision, il est m\u00eame probable que la fonction visuelle se d\u00e9t\u00e9riore davantage si l&rsquo;\u0153il n&rsquo;est pas op\u00e9r\u00e9.<\/p>\n<p>Le corps vitr\u00e9, qui a perdu sa fonction de soutien et qui est en partie responsable des troubles de la vision, est retir\u00e9 et remplac\u00e9. Le remplacement se fait g\u00e9n\u00e9ralement par un remplissage d&rsquo;air ou de gaz, qui est assimil\u00e9 par le corps dans les quatorze jours suivant l&rsquo;op\u00e9ration et remplac\u00e9 par un liquide nouvellement form\u00e9.<\/p>\n\t\t\t\t\t\t<\/div>\n\t\t\t\t\t<\/div>\n\t\t\t\t<\/div>\n\t\t\t<\/li>\n\t\t\t\t\t<li class=\"accordion-item grid-x grid-margin-x grid-padding-x\" data-accordion-item>\n\t\t\t\t<a href=\"#\" class=\"accordion-title small-12 medium-8 large-8 large-offset-4 medium-offset-4 cell\">PROBL\u00c8MES<\/a>\n\t\t\t\t<div class=\"accordion-content\" data-tab-content>\n\t\t\t\t\t<div class=\"grid-x grid-margin-x grid-padding-x medium-margin-collapse\">\n\t\t\t\t\t\t\n\t\t\t\t\t\t<div class=\"accordion-img small-12 medium-4 large-4 cell\">\n\t\t\t\t\t\t\t\n\t\t\t\t\t\t\t\n\t\t\t\t\t\t<\/div>\n\t\t\t\t\t\t<div class=\"accordion-txt small-12 medium-8 large-8 cell\">\n\t\t\t\t\t<p>Il est impossible de pr\u00e9dire \u00e0 quel point l&rsquo;acuit\u00e9 visuelle peut redevenir bonne apr\u00e8s l&rsquo;op\u00e9ration. Dans les quinze premiers jours suivant l&rsquo;op\u00e9ration, l&rsquo;acuit\u00e9 visuelle est r\u00e9duite \u00e0 la perception de la lumi\u00e8re et des mouvements, puis elle se r\u00e9tablit g\u00e9n\u00e9ralement rapidement pour atteindre l&rsquo;acuit\u00e9 visuelle d&rsquo;avant l&rsquo;op\u00e9ration. Cependant, la meilleure acuit\u00e9 visuelle possible pour l&rsquo;\u0153il ne peut \u00eatre atteinte qu&rsquo;un an apr\u00e8s l&rsquo;op\u00e9ration. M\u00eame si nous esp\u00e9rons une am\u00e9lioration \u00a0de la vision, l&rsquo;op\u00e9ration est essentiellement r\u00e9alis\u00e9e dans le but de stabiliser la situation de la r\u00e9tine et \u00e9viter une nouvelle d\u00e9t\u00e9rioration.<\/p>\n<p>Si le patient n&rsquo;a pas d\u00e9j\u00e0 un cristallin artificiel, l&rsquo;ablation du corps vitr\u00e9 entra\u00eenera probablement l&rsquo;apparition ou la progression d&rsquo;une opacit\u00e9 du cristallin (cataracte) dans les six mois suivant l&rsquo;op\u00e9ration. Si celle-ci devient visuellement g\u00eanante, elle peut \u00eatre op\u00e9r\u00e9e.<\/p>\n<p>Des fluctuations de la pression oculaire peuvent survenir dans les premiers jours suivant l&rsquo;op\u00e9ration et doivent alors \u00eatre trait\u00e9es. Si une h\u00e9morragie secondaire se produit, cela signifie que la r\u00e9cup\u00e9ration de l&rsquo;acuit\u00e9 visuelle sera retard\u00e9e.<\/p>\n<p>L&rsquo;ablation du corps vitr\u00e9 se d\u00e9roule g\u00e9n\u00e9ralement sans probl\u00e8mes majeurs ou impr\u00e9visibles. La stabilit\u00e9 de la r\u00e9tine n&rsquo;est pas menac\u00e9e. N\u00e9anmoins, \u00e0 la fin de l&rsquo;op\u00e9ration, on remarque parfois des d\u00e9chirures dans la r\u00e9tine, qui sont trait\u00e9es par le froid ou au laser, \u00a0afin d\u2019\u00e9viter qu\u2019elles ne provoquent ult\u00e9rieurement un d\u00e9collement de la r\u00e9tine. Mais dans environ 3 \u00e0 5 % des cas, g\u00e9n\u00e9ralement dans les 4 semaines postop\u00e9ratoires, la r\u00e9tine se d\u00e9chire et un d\u00e9collement de la r\u00e9tine se produit, qui doit alors \u00eatre op\u00e9r\u00e9 rapidement. Si la r\u00e9tine n&rsquo;est pas assez stable, il est parfois n\u00e9cessaire de remplacer le vitr\u00e9 par de l&rsquo;huile de silicone afin d&rsquo;assurer la stabilit\u00e9 de la r\u00e9tine apr\u00e8s l&rsquo;op\u00e9ration. Dans ce cas, une deuxi\u00e8me op\u00e9ration est n\u00e9cessaire ult\u00e9rieurement pour retirer l&rsquo;huile de silicone.<\/p>\n<p>Si l\u2019op\u00e9ration n\u2019est pas tr\u00e8s douloureuse, l\u2019\u0153il est tr\u00e8s sensibles les premiers jours suivant l\u2019op\u00e9ration. Il a besoin de repos et les efforts physiques doivent \u00eatre \u00e9vit\u00e9s pendant quelques jours. C&rsquo;est pourquoi nous ne pratiquons pas l&rsquo;intervention en ambulatoire, mais conseillons une hospitalisation d&rsquo;une journ\u00e9e. En raison du remplissage d&rsquo;air ou de gaz, il est interdit de se rendre \u00e0 plus de 700 m d&rsquo;altitude pendant environ 8 jours. \u00a0Il faudra donc en tenir compte pour planifier votre retour.<\/p>\n\t\t\t\t\t\t<\/div>\n\t\t\t\t\t<\/div>\n\t\t\t\t<\/div>\n\t\t\t<\/li>\n\t\t\t\t\t<li class=\"accordion-item grid-x grid-margin-x grid-padding-x\" data-accordion-item>\n\t\t\t\t<a href=\"#\" class=\"accordion-title small-12 medium-8 large-8 large-offset-4 medium-offset-4 cell\">COMPLICATIONS<\/a>\n\t\t\t\t<div class=\"accordion-content\" data-tab-content>\n\t\t\t\t\t<div class=\"grid-x grid-margin-x grid-padding-x medium-margin-collapse\">\n\t\t\t\t\t\t\n\t\t\t\t\t\t<div class=\"accordion-img small-12 medium-4 large-4 cell\">\n\t\t\t\t\t\t\t\n\t\t\t\t\t\t\t\n\t\t\t\t\t\t<\/div>\n\t\t\t\t\t\t<div class=\"accordion-txt small-12 medium-8 large-8 cell\">\n\t\t\t\t\t<p>Le d\u00e9collement de la r\u00e9tine \u00a0est la complication postop\u00e9ratoire la plus fr\u00e9quente et la plus importante (environ 1 patient sur 30). Une h\u00e9morragie mineure peut entra\u00eener un retard dans la r\u00e9cup\u00e9ration de la vision, mais ne pose g\u00e9n\u00e9ralement pas d\u2019autre probl\u00e8me. Une h\u00e9morragie grave, une infection, une d\u00e9t\u00e9rioration de la vue ou m\u00eame une perte suppl\u00e9mentaire de la \u00a0visionou de l&rsquo;\u0153il sont extr\u00eamement rares (moins de 1:1000), mais possibles. Si l&rsquo;une de ces complications survient, une nouvelle op\u00e9ration est g\u00e9n\u00e9ralement n\u00e9cessaire afin d&rsquo;obtenir le meilleur r\u00e9sultat possible. Nous estimons toutefois que le risque d&rsquo;une d\u00e9t\u00e9rioration ou d&rsquo;une perte de la fonction visuelle est plus important sans op\u00e9ration qu\u2019apr\u00e8s une op\u00e9ration.<\/p>\n\t\t\t\t\t\t<\/div>\n\t\t\t\t\t<\/div>\n\t\t\t\t<\/div>\n\t\t\t<\/li>\n\t\t\t\n\t<\/ul>\n\n","protected":false},"excerpt":{"rendered":"<p>Les maladies du centre de la r\u00e9tine (macula) et leur traitement par ablation du corps vitr\u00e9 (vitrectomie).<\/p>\n","protected":false},"author":1,"featured_media":0,"parent":7867,"menu_order":0,"comment_status":"closed","ping_status":"closed","template":"template-full-width-teaser.php","meta":{"_acf_changed":false,"footnotes":""},"class_list":["post-11151","page","type-page","status-publish","hentry"],"acf":[],"_links":{"self":[{"href":"https:\/\/bieler-augenzentrum.ch\/fr\/wp-json\/wp\/v2\/pages\/11151","targetHints":{"allow":["GET"]}}],"collection":[{"href":"https:\/\/bieler-augenzentrum.ch\/fr\/wp-json\/wp\/v2\/pages"}],"about":[{"href":"https:\/\/bieler-augenzentrum.ch\/fr\/wp-json\/wp\/v2\/types\/page"}],"author":[{"embeddable":true,"href":"https:\/\/bieler-augenzentrum.ch\/fr\/wp-json\/wp\/v2\/users\/1"}],"replies":[{"embeddable":true,"href":"https:\/\/bieler-augenzentrum.ch\/fr\/wp-json\/wp\/v2\/comments?post=11151"}],"version-history":[{"count":3,"href":"https:\/\/bieler-augenzentrum.ch\/fr\/wp-json\/wp\/v2\/pages\/11151\/revisions"}],"predecessor-version":[{"id":11157,"href":"https:\/\/bieler-augenzentrum.ch\/fr\/wp-json\/wp\/v2\/pages\/11151\/revisions\/11157"}],"up":[{"embeddable":true,"href":"https:\/\/bieler-augenzentrum.ch\/fr\/wp-json\/wp\/v2\/pages\/7867"}],"wp:attachment":[{"href":"https:\/\/bieler-augenzentrum.ch\/fr\/wp-json\/wp\/v2\/media?parent=11151"}],"curies":[{"name":"wp","href":"https:\/\/api.w.org\/{rel}","templated":true}]}}