{"id":11162,"date":"2021-02-12T16:29:32","date_gmt":"2021-02-12T14:29:05","guid":{"rendered":"https:\/\/bieler-augenzentrum.ch\/patienten\/maladies-des-yeux\/dermatochalase\/"},"modified":"2022-08-07T15:24:42","modified_gmt":"2022-08-07T13:24:42","slug":"dermatochalasis","status":"publish","type":"page","link":"https:\/\/bieler-augenzentrum.ch\/fr\/patienten\/maladies-des-yeux\/dermatochalasis\/","title":{"rendered":"Dermatochalasis"},"content":{"rendered":"\n\n\n\n<p>Chez les adultes, un exc\u00e8s de peau au niveau de la paupi\u00e8re sup\u00e9rieure est appel\u00e9 paupi\u00e8re tombante ou dermatochalasis.<\/p>\n\n\n\n\t<ul class=\"accordion\" data-accordion data-allow-all-closed=\"true\" data-multi-expand=\"true\">\n\t\n\t\t\t\t\t<li class=\"accordion-item grid-x grid-margin-x grid-padding-x\" data-accordion-item>\n\t\t\t\t<a href=\"#\" class=\"accordion-title small-12 medium-8 large-8 large-offset-4 medium-offset-4 cell\">INTRODUCTION<\/a>\n\t\t\t\t<div class=\"accordion-content\" data-tab-content>\n\t\t\t\t\t<div class=\"grid-x grid-margin-x grid-padding-x medium-margin-collapse\">\n\t\t\t\t\t\t\n\t\t\t\t\t\t<div class=\"accordion-img small-12 medium-4 large-4 cell\">\n\t\t\t\t\t\t\t\n\t\t\t\t\t\t\t\n\t\t\t\t\t\t<\/div>\n\t\t\t\t\t\t<div class=\"accordion-txt small-12 medium-8 large-8 cell\">\n\t\t\t\t\t<p><strong>Evolution probable avec traitement :<\/strong> au d\u00e9but, un gonflement de la paupi\u00e8re pendant 2 \u00e0 6 semaines. Puis la vue se lib\u00e8re sur le c\u00f4t\u00e9, si elle \u00e9t\u00e9 auparavant limit\u00e9e par la peau. Possibilit\u00e9 de r\u00e9apparition au fil des ans.<br \/>\n<strong>\u00c9volution probable sans traitement :<\/strong> tendance \u00e0 l&rsquo;augmentation.<\/p>\n<p>Aucun autre traitement efficace n&rsquo;est connu \u00e0 ce jour.<\/p>\n\t\t\t\t\t\t<\/div>\n\t\t\t\t\t<\/div>\n\t\t\t\t<\/div>\n\t\t\t<\/li>\n\t\t\t\t\t<li class=\"accordion-item grid-x grid-margin-x grid-padding-x\" data-accordion-item>\n\t\t\t\t<a href=\"#\" class=\"accordion-title small-12 medium-8 large-8 large-offset-4 medium-offset-4 cell\">TRAITEMENT<\/a>\n\t\t\t\t<div class=\"accordion-content\" data-tab-content>\n\t\t\t\t\t<div class=\"grid-x grid-margin-x grid-padding-x medium-margin-collapse\">\n\t\t\t\t\t\t\n\t\t\t\t\t\t<div class=\"accordion-img small-12 medium-4 large-4 cell\">\n\t\t\t\t\t\t\t\n\t\t\t\t\t\t\t\n\t\t\t\t\t\t<\/div>\n\t\t\t\t\t\t<div class=\"accordion-txt small-12 medium-8 large-8 cell\">\n\t\t\t\t\t<p>R\u00e9duction de l&rsquo;exc\u00e9dent de peau. Si elle est r\u00e9alis\u00e9e sous anesth\u00e9sie locale, \u00a0l\u2019anesth\u00e9siant est inject\u00e9 sous la peau de la paupi\u00e8re qui sera d\u00e9coup\u00e9e. Puis l\u2019on effectue une suture. Les fils sont retir\u00e9s une semaine environ apr\u00e8s l&rsquo;intervention. De l\u00e9g\u00e8res diff\u00e9rences lat\u00e9rales pr\u00e9existantes, qui existent chez chaque personne, peuvent \u00e9ventuellement entra\u00eener un trac\u00e9 de cicatrice l\u00e9g\u00e8rement diff\u00e9rent ou des rides cutan\u00e9es apr\u00e8s l&rsquo;op\u00e9ration.<\/p>\n<p>Le plan de traitement et de soins apr\u00e8s l&rsquo;op\u00e9ration est d\u00e9termin\u00e9 par le m\u00e9decin traitant.<\/p>\n\t\t\t\t\t\t<\/div>\n\t\t\t\t\t<\/div>\n\t\t\t\t<\/div>\n\t\t\t<\/li>\n\t\t\t\t\t<li class=\"accordion-item grid-x grid-margin-x grid-padding-x\" data-accordion-item>\n\t\t\t\t<a href=\"#\" class=\"accordion-title small-12 medium-8 large-8 large-offset-4 medium-offset-4 cell\">COMPLICATIONS<\/a>\n\t\t\t\t<div class=\"accordion-content\" data-tab-content>\n\t\t\t\t\t<div class=\"grid-x grid-margin-x grid-padding-x medium-margin-collapse\">\n\t\t\t\t\t\t\n\t\t\t\t\t\t<div class=\"accordion-img small-12 medium-4 large-4 cell\">\n\t\t\t\t\t\t\t\n\t\t\t\t\t\t\t\n\t\t\t\t\t\t<\/div>\n\t\t\t\t\t\t<div class=\"accordion-txt small-12 medium-8 large-8 cell\">\n\t\t\t\t\t<ul>\n<li>Modifications possibles de l&rsquo;op\u00e9ration en cas de r\u00e9sultats d\u00e9celables seulement pendant l&rsquo;op\u00e9ration. Effets secondaires temporaires ou permanents tr\u00e8s probables \u00e0 la suite de l&rsquo;op\u00e9ration :<br \/>\nTemporaire : un gonflement des paupi\u00e8res sup\u00e9rieures pendant environ 10 \u00e0 14 jours, d&rsquo;o\u00f9 \u00e9ventuellement \u00a0une visibilit\u00e9 floue passag\u00e8re, qui est due \u00e0 la pression sur l&rsquo;\u0153il, surtout pendant les 3 premiers jours. Les lentilles de contact (surtout les lentilles dures) peuvent poser probl\u00e8me et doivent \u00eatre \u00e9vit\u00e9es.<\/li>\n<li><strong>Complications g\u00e9n\u00e9rales possibles :<\/strong> R\u00e9action allergique aux anesth\u00e9siants ou aux \u00e9ventuels m\u00e9dicaments.<\/li>\n<li><strong>Complications possibles sp\u00e9cifiques \u00e0 l&rsquo;op\u00e9ration :<\/strong> Gonflement et ecchymoses avec sensation de pression. Saignements ult\u00e9rieurs, m\u00eame plusieurs jours apr\u00e8s l&rsquo;op\u00e9ration ; ceux-ci ne n\u00e9cessitent une h\u00e9mostase chirurgicale que dans des cas exceptionnels extr\u00eames. Les bords de la plaie s&rsquo;\u00e9cartent en cas de sollicitation m\u00e9canique, par exemple en se frottant les yeux : cela peut entra\u00eener des cicatrices inesth\u00e9tiques qui n\u00e9cessitent une correction. La nicotine ralentit la cicatrisation. Les inflammations de la plaie sont rares. La suture fra\u00eeche est visible pendant 2 \u00e0 3 semaines sous la forme d&rsquo;un trait rouge. Dans certains cas, celui-ci peut rester visible pendant plusieurs mois. De petits kystes, faciles \u00e0 retirer, peuvent se former dans la zone de la suture. En cas de pr\u00e9disposition, des cicatrices plus \u00e9paisses et irritantes peuvent se former, qui disparaissent g\u00e9n\u00e9ralement \u00e0 l\u2019aide d\u2019une \u00a0cr\u00e8me cicatrisante. Une correction chirurgicale est rarement n\u00e9cessaire. En cas de sur correction : la paupi\u00e8re ne se ferme plus compl\u00e8tement et l&rsquo;\u0153il n&rsquo;est plus correctement humidifi\u00e9 ; la plupart du temps, la situation s&rsquo;am\u00e9liore d&rsquo;elle-m\u00eame dans les semaines qui suivent l&rsquo;op\u00e9ration. Dans de rares cas, une nouvelle op\u00e9ration est n\u00e9cessaire. Il est rare que des larmes artificielles doivent \u00eatre administr\u00e9es pendant une longue p\u00e9riode. Les cas de c\u00e9cit\u00e9 d\u00e9crits dans la litt\u00e9rature scientifique dans le cadre d&rsquo;une bl\u00e9pharoplastie sont extr\u00eamement rares et ne peuvent pas \u00eatre prouv\u00e9s statistiquement.<\/li>\n<li><\/li>\n<\/ul>\n\t\t\t\t\t\t<\/div>\n\t\t\t\t\t<\/div>\n\t\t\t\t<\/div>\n\t\t\t<\/li>\n\t\t\t\n\t<\/ul>\n\n","protected":false},"excerpt":{"rendered":"<p>Chez les adultes, un exc\u00e8s de peau au niveau de la paupi\u00e8re sup\u00e9rieure est appel\u00e9 paupi\u00e8re tombante ou dermatochalasis.<\/p>\n","protected":false},"author":1,"featured_media":0,"parent":7867,"menu_order":0,"comment_status":"closed","ping_status":"closed","template":"template-full-width-teaser.php","meta":{"_acf_changed":false,"footnotes":""},"class_list":["post-11162","page","type-page","status-publish","hentry"],"acf":[],"_links":{"self":[{"href":"https:\/\/bieler-augenzentrum.ch\/fr\/wp-json\/wp\/v2\/pages\/11162","targetHints":{"allow":["GET"]}}],"collection":[{"href":"https:\/\/bieler-augenzentrum.ch\/fr\/wp-json\/wp\/v2\/pages"}],"about":[{"href":"https:\/\/bieler-augenzentrum.ch\/fr\/wp-json\/wp\/v2\/types\/page"}],"author":[{"embeddable":true,"href":"https:\/\/bieler-augenzentrum.ch\/fr\/wp-json\/wp\/v2\/users\/1"}],"replies":[{"embeddable":true,"href":"https:\/\/bieler-augenzentrum.ch\/fr\/wp-json\/wp\/v2\/comments?post=11162"}],"version-history":[{"count":3,"href":"https:\/\/bieler-augenzentrum.ch\/fr\/wp-json\/wp\/v2\/pages\/11162\/revisions"}],"predecessor-version":[{"id":11168,"href":"https:\/\/bieler-augenzentrum.ch\/fr\/wp-json\/wp\/v2\/pages\/11162\/revisions\/11168"}],"up":[{"embeddable":true,"href":"https:\/\/bieler-augenzentrum.ch\/fr\/wp-json\/wp\/v2\/pages\/7867"}],"wp:attachment":[{"href":"https:\/\/bieler-augenzentrum.ch\/fr\/wp-json\/wp\/v2\/media?parent=11162"}],"curies":[{"name":"wp","href":"https:\/\/api.w.org\/{rel}","templated":true}]}}