{"id":11173,"date":"2021-02-12T16:35:32","date_gmt":"2021-02-12T14:35:22","guid":{"rendered":"https:\/\/bieler-augenzentrum.ch\/patienten\/maladies-des-yeux\/ektropium\/"},"modified":"2022-08-07T15:34:37","modified_gmt":"2022-08-07T13:34:37","slug":"ectropion","status":"publish","type":"page","link":"https:\/\/bieler-augenzentrum.ch\/fr\/patienten\/maladies-des-yeux\/ectropion\/","title":{"rendered":"Ectropion"},"content":{"rendered":"\n\n\n\n<p>L&rsquo;ectropion est une malformation cong\u00e9nitale de la paupi\u00e8re avec une \u00e9version vers l&rsquo;ext\u00e9rieur.<\/p>\n\n\n\n\t<ul class=\"accordion\" data-accordion data-allow-all-closed=\"true\" data-multi-expand=\"true\">\n\t\n\t\t\t\t\t<li class=\"accordion-item grid-x grid-margin-x grid-padding-x\" data-accordion-item>\n\t\t\t\t<a href=\"#\" class=\"accordion-title small-12 medium-8 large-8 large-offset-4 medium-offset-4 cell\">INTRODUCTION<\/a>\n\t\t\t\t<div class=\"accordion-content\" data-tab-content>\n\t\t\t\t\t<div class=\"grid-x grid-margin-x grid-padding-x medium-margin-collapse\">\n\t\t\t\t\t\t\n\t\t\t\t\t\t<div class=\"accordion-img small-12 medium-4 large-4 cell\">\n\t\t\t\t\t\t\t\n\t\t\t\t\t\t\t\n\t\t\t\t\t\t<\/div>\n\t\t\t\t\t\t<div class=\"accordion-txt small-12 medium-8 large-8 cell\">\n\t\t\t\t\t<p>La paupi\u00e8re inf\u00e9rieure est tourn\u00e9e vers l&rsquo;ext\u00e9rieur et le plus souvent \u00a0tombante.<\/p>\n<ul>\n<li><strong>Evolution pr\u00e9visible avec traitement :<br \/>\n<\/strong>Apr\u00e8s un gonflement initial, la paupi\u00e8re est \u00e0 nouveau plaqu\u00e9e contre le globe oculaire.<strong><br \/>\n<\/strong><\/li>\n<li><strong>Evolution probable sans traitement :<br \/>\n<\/strong>Probl\u00e8mes de la corn\u00e9e avec infection et cicatrisation possibles ; \u00e9ventuellement larmoiement.<\/li>\n<\/ul>\n<p>Aucun autre traitement efficace n&rsquo;est connu \u00e0 ce jour.<\/p>\n\t\t\t\t\t\t<\/div>\n\t\t\t\t\t<\/div>\n\t\t\t\t<\/div>\n\t\t\t<\/li>\n\t\t\t\t\t<li class=\"accordion-item grid-x grid-margin-x grid-padding-x\" data-accordion-item>\n\t\t\t\t<a href=\"#\" class=\"accordion-title small-12 medium-8 large-8 large-offset-4 medium-offset-4 cell\">TRAITEMENT<\/a>\n\t\t\t\t<div class=\"accordion-content\" data-tab-content>\n\t\t\t\t\t<div class=\"grid-x grid-margin-x grid-padding-x medium-margin-collapse\">\n\t\t\t\t\t\t\n\t\t\t\t\t\t<div class=\"accordion-img small-12 medium-4 large-4 cell\">\n\t\t\t\t\t\t\t\n\t\t\t\t\t\t\t\n\t\t\t\t\t\t<\/div>\n\t\t\t\t\t\t<div class=\"accordion-txt small-12 medium-8 large-8 cell\">\n\t\t\t\t\t<p>La paupi\u00e8re est remise dans la bonne position gr\u00e2ce \u00e0 des sutures. Selon la taille de la paupi\u00e8re, celle-ci est parfois l\u00e9g\u00e8rement raccourcie et raffermie pendant l&rsquo;op\u00e9ration.<\/p>\n<p>Le plan de traitement et de soins apr\u00e8s l\u2019op\u00e9ration est d\u00e9termin\u00e9 par le m\u00e9decin traitant.<\/p>\n\t\t\t\t\t\t<\/div>\n\t\t\t\t\t<\/div>\n\t\t\t\t<\/div>\n\t\t\t<\/li>\n\t\t\t\t\t<li class=\"accordion-item grid-x grid-margin-x grid-padding-x\" data-accordion-item>\n\t\t\t\t<a href=\"#\" class=\"accordion-title small-12 medium-8 large-8 large-offset-4 medium-offset-4 cell\">COMPLICATIONS<\/a>\n\t\t\t\t<div class=\"accordion-content\" data-tab-content>\n\t\t\t\t\t<div class=\"grid-x grid-margin-x grid-padding-x medium-margin-collapse\">\n\t\t\t\t\t\t\n\t\t\t\t\t\t<div class=\"accordion-img small-12 medium-4 large-4 cell\">\n\t\t\t\t\t\t\t\n\t\t\t\t\t\t\t\n\t\t\t\t\t\t<\/div>\n\t\t\t\t\t\t<div class=\"accordion-txt small-12 medium-8 large-8 cell\">\n\t\t\t\t\t<ul>\n<li>Effets secondaires temporaires \u00a0ou permanents tr\u00e8s probables \u00e0 la suite de l&rsquo;op\u00e9ration :<br \/>\nTemporaire : gonflement de la paupi\u00e8re inf\u00e9rieure, sensation de tension.<\/li>\n<li><strong>Complications g\u00e9n\u00e9rales possibles :<\/strong><br \/>\nH\u00e9matome, infection, principalement dans la r\u00e9gion de la cicatrice.<\/li>\n<li><strong>Complications possibles sp\u00e9cifiques \u00e0 l&rsquo;op\u00e9ration :<\/strong><br \/>\nRarement, correction insuffisante. Rarement, le probl\u00e8me initial r\u00e9appara\u00eet (r\u00e9cidive). Tr\u00e8s rarement, \u00ab\u00a0sur correction\u00a0\u00bb, par exemple. la paupi\u00e8re est d&rsquo;abord vers l&rsquo;int\u00e9rieur, puis vers l&rsquo;ext\u00e9rieur. Toutes les situations peuvent \u00eatre r\u00e9op\u00e9r\u00e9es si n\u00e9cessaire.<\/li>\n<\/ul>\n\t\t\t\t\t\t<\/div>\n\t\t\t\t\t<\/div>\n\t\t\t\t<\/div>\n\t\t\t<\/li>\n\t\t\t\n\t<\/ul>\n\n","protected":false},"excerpt":{"rendered":"<p>L&rsquo;ectropion est une malformation cong\u00e9nitale de la paupi\u00e8re avec une \u00e9version vers l&rsquo;ext\u00e9rieur.<\/p>\n","protected":false},"author":1,"featured_media":0,"parent":7867,"menu_order":0,"comment_status":"closed","ping_status":"closed","template":"template-full-width-teaser.php","meta":{"_acf_changed":false,"footnotes":""},"class_list":["post-11173","page","type-page","status-publish","hentry"],"acf":[],"_links":{"self":[{"href":"https:\/\/bieler-augenzentrum.ch\/fr\/wp-json\/wp\/v2\/pages\/11173","targetHints":{"allow":["GET"]}}],"collection":[{"href":"https:\/\/bieler-augenzentrum.ch\/fr\/wp-json\/wp\/v2\/pages"}],"about":[{"href":"https:\/\/bieler-augenzentrum.ch\/fr\/wp-json\/wp\/v2\/types\/page"}],"author":[{"embeddable":true,"href":"https:\/\/bieler-augenzentrum.ch\/fr\/wp-json\/wp\/v2\/users\/1"}],"replies":[{"embeddable":true,"href":"https:\/\/bieler-augenzentrum.ch\/fr\/wp-json\/wp\/v2\/comments?post=11173"}],"version-history":[{"count":3,"href":"https:\/\/bieler-augenzentrum.ch\/fr\/wp-json\/wp\/v2\/pages\/11173\/revisions"}],"predecessor-version":[{"id":11179,"href":"https:\/\/bieler-augenzentrum.ch\/fr\/wp-json\/wp\/v2\/pages\/11173\/revisions\/11179"}],"up":[{"embeddable":true,"href":"https:\/\/bieler-augenzentrum.ch\/fr\/wp-json\/wp\/v2\/pages\/7867"}],"wp:attachment":[{"href":"https:\/\/bieler-augenzentrum.ch\/fr\/wp-json\/wp\/v2\/media?parent=11173"}],"curies":[{"name":"wp","href":"https:\/\/api.w.org\/{rel}","templated":true}]}}