{"id":11184,"date":"2021-02-12T16:44:32","date_gmt":"2021-02-12T14:44:49","guid":{"rendered":"https:\/\/bieler-augenzentrum.ch\/patienten\/maladies-des-yeux\/entropium\/"},"modified":"2022-08-07T15:44:49","modified_gmt":"2022-08-07T13:44:49","slug":"entropion","status":"publish","type":"page","link":"https:\/\/bieler-augenzentrum.ch\/fr\/patienten\/maladies-des-yeux\/entropion\/","title":{"rendered":"Entropion"},"content":{"rendered":"\n\n\n\n<p>L&rsquo;entropion est une malformation de la paupi\u00e8re, plus g\u00e9n\u00e9ralement de la paupi\u00e8re inf\u00e9rieure. La paupi\u00e8re est tourn\u00e9e vers l&rsquo;int\u00e9rieur, de telle sorte que les cils frottent sur la corn\u00e9e.<\/p>\n\n\n\n\t<ul class=\"accordion\" data-accordion data-allow-all-closed=\"true\" data-multi-expand=\"true\">\n\t\n\t\t\t\t\t<li class=\"accordion-item grid-x grid-margin-x grid-padding-x\" data-accordion-item>\n\t\t\t\t<a href=\"#\" class=\"accordion-title small-12 medium-8 large-8 large-offset-4 medium-offset-4 cell\">INTRODUCTION<\/a>\n\t\t\t\t<div class=\"accordion-content\" data-tab-content>\n\t\t\t\t\t<div class=\"grid-x grid-margin-x grid-padding-x medium-margin-collapse\">\n\t\t\t\t\t\t\n\t\t\t\t\t\t<div class=\"accordion-img small-12 medium-4 large-4 cell\">\n\t\t\t\t\t\t\t\n\t\t\t\t\t\t\t\n\t\t\t\t\t\t<\/div>\n\t\t\t\t\t\t<div class=\"accordion-txt small-12 medium-8 large-8 cell\">\n\t\t\t\t\t<p>Entropion, c&rsquo;est-\u00e0-dire que la paupi\u00e8re inf\u00e9rieure est tourn\u00e9e vers l&rsquo;int\u00e9rieur avec un possible frottement des cils sur la corn\u00e9e.<\/p>\n<ul>\n<li><strong>Evolution probable avec le traitement :<\/strong><br \/>\nLa paupi\u00e8re inf\u00e9rieure est \u00e0 nouveau en position normale et la corn\u00e9e n&rsquo;est plus en danger.<\/li>\n<li><strong>Evolution probable sans traitement :<\/strong><br \/>\nPoursuite des troubles, dommages possibles de la corn\u00e9e, \u00e9ventuellement inflammation de la corn\u00e9e et formation de cicatrices.<\/li>\n<\/ul>\n<p>Alternatives de traitement : Coller la paupi\u00e8re inf\u00e9rieure vers l&rsquo;ext\u00e9rieur et vers le bas avec du sparadrap.<\/p>\n\t\t\t\t\t\t<\/div>\n\t\t\t\t\t<\/div>\n\t\t\t\t<\/div>\n\t\t\t<\/li>\n\t\t\t\t\t<li class=\"accordion-item grid-x grid-margin-x grid-padding-x\" data-accordion-item>\n\t\t\t\t<a href=\"#\" class=\"accordion-title small-12 medium-8 large-8 large-offset-4 medium-offset-4 cell\">TRAITEMENT<\/a>\n\t\t\t\t<div class=\"accordion-content\" data-tab-content>\n\t\t\t\t\t<div class=\"grid-x grid-margin-x grid-padding-x medium-margin-collapse\">\n\t\t\t\t\t\t\n\t\t\t\t\t\t<div class=\"accordion-img small-12 medium-4 large-4 cell\">\n\t\t\t\t\t\t\t\n\t\t\t\t\t\t\t\n\t\t\t\t\t\t<\/div>\n\t\t\t\t\t\t<div class=\"accordion-txt small-12 medium-8 large-8 cell\">\n\t\t\t\t\t<p>La paupi\u00e8re est replac\u00e9e dans la bonne position gr\u00e2ce \u00e0 des points de suture. Selon la taille de la paupi\u00e8re, celle-ci est parfois l\u00e9g\u00e8rement raccourcie et raffermie pendant l&rsquo;op\u00e9ration.<\/p>\n<p>Le plan de traitement et de soins apr\u00e8s l&rsquo;op\u00e9ration est d\u00e9termin\u00e9 par le m\u00e9decin traitant.<\/p>\n\t\t\t\t\t\t<\/div>\n\t\t\t\t\t<\/div>\n\t\t\t\t<\/div>\n\t\t\t<\/li>\n\t\t\t\t\t<li class=\"accordion-item grid-x grid-margin-x grid-padding-x\" data-accordion-item>\n\t\t\t\t<a href=\"#\" class=\"accordion-title small-12 medium-8 large-8 large-offset-4 medium-offset-4 cell\">COMPLICATIONS<\/a>\n\t\t\t\t<div class=\"accordion-content\" data-tab-content>\n\t\t\t\t\t<div class=\"grid-x grid-margin-x grid-padding-x medium-margin-collapse\">\n\t\t\t\t\t\t\n\t\t\t\t\t\t<div class=\"accordion-img small-12 medium-4 large-4 cell\">\n\t\t\t\t\t\t\t\n\t\t\t\t\t\t\t\n\t\t\t\t\t\t<\/div>\n\t\t\t\t\t\t<div class=\"accordion-txt small-12 medium-8 large-8 cell\">\n\t\t\t\t\t<ul>\n<li>Effets secondaires temporaires ou permanents tr\u00e8s probables \u00e0 la suite de l&rsquo;op\u00e9ration :<br \/>\nTemporaire : la paupi\u00e8re inf\u00e9rieure d\u00e9passe l\u00e9g\u00e8rement de l&rsquo;\u0153il.<\/li>\n<li><strong>Complications g\u00e9n\u00e9rales possibles :<\/strong><br \/>\nInfection dans la zone de suture(rare) ou petit h\u00e9matome.<\/li>\n<li><strong>Complications possibles sp\u00e9cifiques \u00e0 l&rsquo;op\u00e9ration :<\/strong><br \/>\nR\u00e9apparition : une nouvelle op\u00e9ration est possible.<\/li>\n<\/ul>\n\t\t\t\t\t\t<\/div>\n\t\t\t\t\t<\/div>\n\t\t\t\t<\/div>\n\t\t\t<\/li>\n\t\t\t\n\t<\/ul>\n\n","protected":false},"excerpt":{"rendered":"<p>L&rsquo;entropion est une malformation de la paupi\u00e8re, plus g\u00e9n\u00e9ralement de la paupi\u00e8re inf\u00e9rieure. La paupi\u00e8re est tourn\u00e9e vers l&rsquo;int\u00e9rieur, de telle sorte que les cils frottent sur la corn\u00e9e.<\/p>\n","protected":false},"author":1,"featured_media":0,"parent":7867,"menu_order":0,"comment_status":"closed","ping_status":"closed","template":"template-full-width-teaser.php","meta":{"_acf_changed":false,"footnotes":""},"class_list":["post-11184","page","type-page","status-publish","hentry"],"acf":[],"_links":{"self":[{"href":"https:\/\/bieler-augenzentrum.ch\/fr\/wp-json\/wp\/v2\/pages\/11184","targetHints":{"allow":["GET"]}}],"collection":[{"href":"https:\/\/bieler-augenzentrum.ch\/fr\/wp-json\/wp\/v2\/pages"}],"about":[{"href":"https:\/\/bieler-augenzentrum.ch\/fr\/wp-json\/wp\/v2\/types\/page"}],"author":[{"embeddable":true,"href":"https:\/\/bieler-augenzentrum.ch\/fr\/wp-json\/wp\/v2\/users\/1"}],"replies":[{"embeddable":true,"href":"https:\/\/bieler-augenzentrum.ch\/fr\/wp-json\/wp\/v2\/comments?post=11184"}],"version-history":[{"count":3,"href":"https:\/\/bieler-augenzentrum.ch\/fr\/wp-json\/wp\/v2\/pages\/11184\/revisions"}],"predecessor-version":[{"id":11190,"href":"https:\/\/bieler-augenzentrum.ch\/fr\/wp-json\/wp\/v2\/pages\/11184\/revisions\/11190"}],"up":[{"embeddable":true,"href":"https:\/\/bieler-augenzentrum.ch\/fr\/wp-json\/wp\/v2\/pages\/7867"}],"wp:attachment":[{"href":"https:\/\/bieler-augenzentrum.ch\/fr\/wp-json\/wp\/v2\/media?parent=11184"}],"curies":[{"name":"wp","href":"https:\/\/api.w.org\/{rel}","templated":true}]}}