{"id":7821,"date":"2020-04-30T14:35:15","date_gmt":"2020-04-30T12:35:35","guid":{"rendered":"https:\/\/bieler-augenzentrum.ch\/?page_id=7821"},"modified":"2021-06-23T17:23:56","modified_gmt":"2021-06-23T15:23:56","slug":"generalites","status":"publish","type":"page","link":"https:\/\/bieler-augenzentrum.ch\/fr\/patienten\/generalites\/","title":{"rendered":"G\u00e9n\u00e9ralit\u00e9s"},"content":{"rendered":"\n<h3 class=\"wp-block-heading\"> Aspects concernant l\u2019organisation <\/h3>\n","protected":false},"excerpt":{"rendered":"<p>Aspects concernant l\u2019organisation<\/p>\n","protected":false},"author":2,"featured_media":7824,"parent":7811,"menu_order":0,"comment_status":"closed","ping_status":"closed","template":"template-full-width-teaser.php","meta":{"_acf_changed":false,"footnotes":""},"class_list":["post-7821","page","type-page","status-publish","has-post-thumbnail","hentry"],"acf":[],"_links":{"self":[{"href":"https:\/\/bieler-augenzentrum.ch\/fr\/wp-json\/wp\/v2\/pages\/7821","targetHints":{"allow":["GET"]}}],"collection":[{"href":"https:\/\/bieler-augenzentrum.ch\/fr\/wp-json\/wp\/v2\/pages"}],"about":[{"href":"https:\/\/bieler-augenzentrum.ch\/fr\/wp-json\/wp\/v2\/types\/page"}],"author":[{"embeddable":true,"href":"https:\/\/bieler-augenzentrum.ch\/fr\/wp-json\/wp\/v2\/users\/2"}],"replies":[{"embeddable":true,"href":"https:\/\/bieler-augenzentrum.ch\/fr\/wp-json\/wp\/v2\/comments?post=7821"}],"version-history":[{"count":8,"href":"https:\/\/bieler-augenzentrum.ch\/fr\/wp-json\/wp\/v2\/pages\/7821\/revisions"}],"predecessor-version":[{"id":10496,"href":"https:\/\/bieler-augenzentrum.ch\/fr\/wp-json\/wp\/v2\/pages\/7821\/revisions\/10496"}],"up":[{"embeddable":true,"href":"https:\/\/bieler-augenzentrum.ch\/fr\/wp-json\/wp\/v2\/pages\/7811"}],"wp:featuredmedia":[{"embeddable":true,"href":"https:\/\/bieler-augenzentrum.ch\/fr\/wp-json\/wp\/v2\/media\/7824"}],"wp:attachment":[{"href":"https:\/\/bieler-augenzentrum.ch\/fr\/wp-json\/wp\/v2\/media?parent=7821"}],"curies":[{"name":"wp","href":"https:\/\/api.w.org\/{rel}","templated":true}]}}