{"id":7858,"date":"2020-04-30T14:56:53","date_gmt":"2020-04-30T12:56:53","guid":{"rendered":"https:\/\/bieler-augenzentrum.ch\/?page_id=7858"},"modified":"2024-09-26T10:28:06","modified_gmt":"2024-09-26T08:28:06","slug":"telechargements","status":"publish","type":"page","link":"https:\/\/bieler-augenzentrum.ch\/fr\/patienten\/telechargements\/","title":{"rendered":"T\u00e9lechargements"},"content":{"rendered":"\n<p>Vous pouvez t\u00e9l\u00e9charger les documents suivants, en cliquant sur le lien correspondant.<\/p>\n\n\n\n<ul class=\"wp-block-list\"><li><strong>Formulaire d&rsquo;anamn\u00e8se m\u00e9dicale<\/strong><br><a href=\"https:\/\/bieler-augenzentrum.ch\/wp-content\/uploads\/BielAnmeldung-2706FR-form.pdf\">Download PDF (164 kB)<\/a><\/li><\/ul>\n\n\n\n<ul class=\"wp-block-list\"><li><strong><strong>D\u00e9claration relative \u00e0 la protection des donn\u00e9es<\/strong> <\/strong>pour les donn\u00e9es des patients<br><a href=\"https:\/\/bieler-augenzentrum.ch\/wp-content\/uploads\/BAZ_Datenschutzerklaerung_Patientendaten_20210630_fr.pdf\">Download PDF (134 kB)<\/a><\/li><\/ul>\n","protected":false},"excerpt":{"rendered":"<p>Vous pouvez t\u00e9l\u00e9charger les documents suivants, en cliquant sur le lien correspondant. Formulaire d&rsquo;anamn\u00e8se m\u00e9dicaleDownload PDF (164 kB) D\u00e9claration relative \u00e0 la protection des donn\u00e9es pour les donn\u00e9es des patientsDownload PDF (134 kB)<\/p>\n","protected":false},"author":2,"featured_media":11552,"parent":7811,"menu_order":4,"comment_status":"closed","ping_status":"closed","template":"","meta":{"_acf_changed":false,"footnotes":""},"class_list":["post-7858","page","type-page","status-publish","has-post-thumbnail","hentry"],"acf":[],"_links":{"self":[{"href":"https:\/\/bieler-augenzentrum.ch\/fr\/wp-json\/wp\/v2\/pages\/7858","targetHints":{"allow":["GET"]}}],"collection":[{"href":"https:\/\/bieler-augenzentrum.ch\/fr\/wp-json\/wp\/v2\/pages"}],"about":[{"href":"https:\/\/bieler-augenzentrum.ch\/fr\/wp-json\/wp\/v2\/types\/page"}],"author":[{"embeddable":true,"href":"https:\/\/bieler-augenzentrum.ch\/fr\/wp-json\/wp\/v2\/users\/2"}],"replies":[{"embeddable":true,"href":"https:\/\/bieler-augenzentrum.ch\/fr\/wp-json\/wp\/v2\/comments?post=7858"}],"version-history":[{"count":18,"href":"https:\/\/bieler-augenzentrum.ch\/fr\/wp-json\/wp\/v2\/pages\/7858\/revisions"}],"predecessor-version":[{"id":10710,"href":"https:\/\/bieler-augenzentrum.ch\/fr\/wp-json\/wp\/v2\/pages\/7858\/revisions\/10710"}],"up":[{"embeddable":true,"href":"https:\/\/bieler-augenzentrum.ch\/fr\/wp-json\/wp\/v2\/pages\/7811"}],"wp:featuredmedia":[{"embeddable":true,"href":"https:\/\/bieler-augenzentrum.ch\/fr\/wp-json\/wp\/v2\/media\/11552"}],"wp:attachment":[{"href":"https:\/\/bieler-augenzentrum.ch\/fr\/wp-json\/wp\/v2\/media?parent=7858"}],"curies":[{"name":"wp","href":"https:\/\/api.w.org\/{rel}","templated":true}]}}