{"id":7867,"date":"2020-04-30T15:02:15","date_gmt":"2020-04-30T13:02:17","guid":{"rendered":"https:\/\/bieler-augenzentrum.ch\/?page_id=7867"},"modified":"2024-09-26T10:18:35","modified_gmt":"2024-09-26T08:18:35","slug":"maladies-des-yeux","status":"publish","type":"page","link":"https:\/\/bieler-augenzentrum.ch\/fr\/patienten\/maladies-des-yeux\/","title":{"rendered":"Maladies des yeux"},"content":{"rendered":"\n<p>Nos ophtalmologistes vous informeront naturellement avant tout traitement et \u00e0 chaque visite. Pour toute question, veuillez contacter nos collaborateurs ou m\u00e9decins. <\/p>\n\n\n\n<ul class=\"wp-block-list\"><li><a href=\"https:\/\/bieler-augenzentrum.ch\/fr\/patienten\/maladies-des-yeux\/cataracte\/\">Cataracte<\/a><\/li><li><a href=\"https:\/\/bieler-augenzentrum.ch\/fr\/patienten\/maladies-des-yeux\/glaucome\/\">Glaucome<\/a><\/li><li><a href=\"https:\/\/bieler-augenzentrum.ch\/fr\/patienten\/maladies-des-yeux\/affection-maculaire\/\">Affection maculaire<\/a><\/li><li><a href=\"https:\/\/bieler-augenzentrum.ch\/fr\/patienten\/maladies-des-yeux\/diabete\/\">Diab\u00e8te<\/a><\/li><li><a href=\"https:\/\/bieler-augenzentrum.ch\/fr\/patienten\/maladies-des-yeux\/uveite\/\">Uv\u00e9ite<\/a><\/li><li><a href=\"https:\/\/bieler-augenzentrum.ch\/fr\/patienten\/maladies-des-yeux\/vitrectomie\/\">Vitrectomie<\/a><\/li><li><a href=\"https:\/\/bieler-augenzentrum.ch\/fr\/patienten\/maladies-des-yeux\/cataracte-secondaire\/\">Cataracte secondaire<\/a><\/li><li><a href=\"https:\/\/bieler-augenzentrum.ch\/fr\/patienten\/maladies-des-yeux\/dmla\/\">DMLA<\/a><\/li><li><a href=\"https:\/\/bieler-augenzentrum.ch\/fr\/patienten\/maladies-des-yeux\/decollement-retinien\/\">D\u00e9collement r\u00e9tinien<\/a><\/li><li><a href=\"https:\/\/bieler-augenzentrum.ch\/fr\/patienten\/maladies-des-yeux\/dermatochalasis\/\">Dermatochalasis<\/a><\/li><li><a href=\"https:\/\/bieler-augenzentrum.ch\/fr\/patienten\/maladies-des-yeux\/ectropion\/\">Ectropion<\/a><\/li><li><a href=\"https:\/\/bieler-augenzentrum.ch\/fr\/patienten\/maladies-des-yeux\/entropion\/\">Entropion<\/a><\/li><li><a href=\"https:\/\/bieler-augenzentrum.ch\/fr\/patienten\/maladies-des-yeux\/dechirure-de-la-retine\/\">D\u00e9chirure de la r\u00e9tine<\/a><\/li><li><a href=\"https:\/\/bieler-augenzentrum.ch\/fr\/patienten\/maladies-des-yeux\/crsc\/\">CRSC<\/a><\/li><li><a href=\"https:\/\/bieler-augenzentrum.ch\/fr\/patienten\/maladies-des-yeux\/infections-systemiques\/\">Infections syst\u00e9miques<\/a><\/li><li><a href=\"https:\/\/bieler-augenzentrum.ch\/fr\/patienten\/maladies-des-yeux\/toxoplasmose\/\">Toxoplasmose<\/a><\/li><li><a href=\"https:\/\/bieler-augenzentrum.ch\/fr\/patienten\/maladies-des-yeux\/tuberculose\/\">Tuberculose<\/a><\/li><\/ul>\n","protected":false},"excerpt":{"rendered":"<p>Nos ophtalmologistes vous informeront naturellement avant tout traitement et \u00e0 chaque visite. Pour toute question, veuillez contacter nos collaborateurs ou m\u00e9decins. Cataracte Glaucome Affection maculaire Diab\u00e8te Uv\u00e9ite Vitrectomie Cataracte secondaire DMLA D\u00e9collement r\u00e9tinien Dermatochalasis Ectropion Entropion D\u00e9chirure de la r\u00e9tine CRSC Infections syst\u00e9miques Toxoplasmose Tuberculose<\/p>\n","protected":false},"author":2,"featured_media":11540,"parent":7811,"menu_order":3,"comment_status":"closed","ping_status":"closed","template":"template-full-width-teaser.php","meta":{"_acf_changed":false,"footnotes":""},"class_list":["post-7867","page","type-page","status-publish","has-post-thumbnail","hentry"],"acf":[],"_links":{"self":[{"href":"https:\/\/bieler-augenzentrum.ch\/fr\/wp-json\/wp\/v2\/pages\/7867","targetHints":{"allow":["GET"]}}],"collection":[{"href":"https:\/\/bieler-augenzentrum.ch\/fr\/wp-json\/wp\/v2\/pages"}],"about":[{"href":"https:\/\/bieler-augenzentrum.ch\/fr\/wp-json\/wp\/v2\/types\/page"}],"author":[{"embeddable":true,"href":"https:\/\/bieler-augenzentrum.ch\/fr\/wp-json\/wp\/v2\/users\/2"}],"replies":[{"embeddable":true,"href":"https:\/\/bieler-augenzentrum.ch\/fr\/wp-json\/wp\/v2\/comments?post=7867"}],"version-history":[{"count":7,"href":"https:\/\/bieler-augenzentrum.ch\/fr\/wp-json\/wp\/v2\/pages\/7867\/revisions"}],"predecessor-version":[{"id":11196,"href":"https:\/\/bieler-augenzentrum.ch\/fr\/wp-json\/wp\/v2\/pages\/7867\/revisions\/11196"}],"up":[{"embeddable":true,"href":"https:\/\/bieler-augenzentrum.ch\/fr\/wp-json\/wp\/v2\/pages\/7811"}],"wp:featuredmedia":[{"embeddable":true,"href":"https:\/\/bieler-augenzentrum.ch\/fr\/wp-json\/wp\/v2\/media\/11540"}],"wp:attachment":[{"href":"https:\/\/bieler-augenzentrum.ch\/fr\/wp-json\/wp\/v2\/media?parent=7867"}],"curies":[{"name":"wp","href":"https:\/\/api.w.org\/{rel}","templated":true}]}}