{"id":7876,"date":"2020-04-30T15:28:37","date_gmt":"2020-04-30T13:28:37","guid":{"rendered":"https:\/\/bieler-augenzentrum.ch\/?page_id=7876"},"modified":"2024-09-25T19:27:46","modified_gmt":"2024-09-25T17:27:46","slug":"accueil","status":"publish","type":"page","link":"https:\/\/bieler-augenzentrum.ch\/fr\/","title":{"rendered":"Accueil"},"content":{"rendered":"\t<div class=\"grid-x grid-margin-x grid-padding-x block-bild-text le medium-margin-collapse\">\n\t  <div class=\"cell medium-4 large-4\">\n\t  \t\t\t\t\t\t\t\t\t\t<div class=\"singleImg\">\n\t\t\t\t\t\t<img decoding=\"async\" alt=\"\" title=\"\" class=\"bt-img\" src=\"https:\/\/bieler-augenzentrum.ch\/wp-content\/uploads\/BeAugenklinik06-300x300.jpg\" \/>\n\t\t\t\t\t\t<div class=\"singleImgCaption\"><\/div>\n\t\t\t\t\t<\/div>\n\t\t\t\t\t\t\t\t\n\t  \n\t  <\/div>\n\t  <div class=\"cell medium-8 large-8\"><p>Nous nous r\u00e9jouissons de vous accueillir personnellement dans nos locaux du cabinet. Si vous avez des questions ou des incertitudes, nous serons heureux de vous aider en personne, par t\u00e9l\u00e9phone ou par courrier \u00e9lectronique.<\/p>\n<p><a class=\"myButtonteaser\" href=\"https:\/\/bieler-augenzentrum.ch\/fr\/termine\/\">Prenez votre rendez-vous en ligne<\/a><\/p>\n<\/div>\n\t<\/div>\n","protected":false},"excerpt":{"rendered":"","protected":false},"author":2,"featured_media":0,"parent":0,"menu_order":2,"comment_status":"closed","ping_status":"open","template":"template-full-width-teaser.php","meta":{"_acf_changed":false,"footnotes":""},"class_list":["post-7876","page","type-page","status-publish","hentry"],"acf":[],"_links":{"self":[{"href":"https:\/\/bieler-augenzentrum.ch\/fr\/wp-json\/wp\/v2\/pages\/7876","targetHints":{"allow":["GET"]}}],"collection":[{"href":"https:\/\/bieler-augenzentrum.ch\/fr\/wp-json\/wp\/v2\/pages"}],"about":[{"href":"https:\/\/bieler-augenzentrum.ch\/fr\/wp-json\/wp\/v2\/types\/page"}],"author":[{"embeddable":true,"href":"https:\/\/bieler-augenzentrum.ch\/fr\/wp-json\/wp\/v2\/users\/2"}],"replies":[{"embeddable":true,"href":"https:\/\/bieler-augenzentrum.ch\/fr\/wp-json\/wp\/v2\/comments?post=7876"}],"version-history":[{"count":29,"href":"https:\/\/bieler-augenzentrum.ch\/fr\/wp-json\/wp\/v2\/pages\/7876\/revisions"}],"predecessor-version":[{"id":11513,"href":"https:\/\/bieler-augenzentrum.ch\/fr\/wp-json\/wp\/v2\/pages\/7876\/revisions\/11513"}],"wp:attachment":[{"href":"https:\/\/bieler-augenzentrum.ch\/fr\/wp-json\/wp\/v2\/media?parent=7876"}],"curies":[{"name":"wp","href":"https:\/\/api.w.org\/{rel}","templated":true}]}}