{"id":8169,"date":"2019-11-05T11:34:45","date_gmt":"2019-11-05T09:34:45","guid":{"rendered":"https:\/\/bieler-augenzentrum.ch\/?page_id=8169"},"modified":"2020-06-04T10:25:36","modified_gmt":"2020-06-04T08:25:36","slug":"diagnostic-clinique","status":"publish","type":"page","link":"https:\/\/bieler-augenzentrum.ch\/fr\/a-propos\/eventail-des-prestations\/diagnostic-clinique\/","title":{"rendered":"Diagnostic clinique"},"content":{"rendered":"\n<p><\/p>\n\n\n\t<div class=\"grid-x grid-margin-x grid-padding-x block-bild-text le medium-margin-collapse\">\n\t  <div class=\"cell medium-4 large-4\">\n\t  \t\t\t\t\t\t\t\t\t\t<div class=\"singleImg\">\n\t\t\t\t\t\t<img decoding=\"async\" alt=\"\" title=\"\" class=\"bt-img\" src=\"https:\/\/bieler-augenzentrum.ch\/wp-content\/uploads\/Foto-Spaltlampe-300x300.jpg\" \/>\n\t\t\t\t\t\t<div class=\"singleImgCaption\">Lampe \u00e0 fente photographique <\/div>\n\t\t\t\t\t<\/div>\n\t\t\t\t\t\t\t\t\n\t  \n\t  <\/div>\n\t  <div class=\"cell medium-8 large-8\"><h2>LAMPE \u00c0 FENTE \/ EXAMEN BIOMICROSCOPIQUE<\/h2>\n<p>La lampe \u00e0 fente est un microscope muni d\u2019une source lumineuse pivotante. Le faisceau lumineux de la lampe \u00e0 fente est d\u00e9limit\u00e9 avec pr\u00e9cision et il est possible d\u2019en modifier la forme et le diam\u00e8tre. La plage de grossissement du microscope est variable, ce qui permet l&rsquo;examen de tous les segments de l&rsquo;\u0153il. Avec le grossissement le plus faible (6 fois), on examine les paupi\u00e8res et les segments ant\u00e9rieurs de l&rsquo;\u0153il. Pour l&rsquo;examen du film lacrymal, de la corn\u00e9e, de la conjonctive, de la chambre ant\u00e9rieure de l&rsquo;\u0153il, du cristallin et du corps vitr\u00e9, des grossissements de 10 \u00e0 40 fois sont utilis\u00e9s. La lampe \u00e0 fente est un instrument de diagnostic indispensable, qui est utilis\u00e9 par la majorit\u00e9 des ophtalmologistes lors d\u2019une consultation.<\/p>\n<p>Le patient est assis en face du m\u00e9decin et pose sa t\u00eate sur une mentonni\u00e8re. L&rsquo;ophtalmologiste \u00e9claire l&rsquo;\u0153il et regarde \u00e0 travers le microscope st\u00e9r\u00e9oscopique. Afin de mieux d\u00e9tecter les d\u00e9fauts de la corn\u00e9e, des gouttes color\u00e9es (fluoresc\u00e9ine) sont parfois instill\u00e9es dans le sac conjonctival. Cela entra\u00eene une l\u00e9g\u00e8re coloration jaun\u00e2tre de l&rsquo;\u0153il, qui peut \u00eatre rinc\u00e9e par la suite.<\/p>\n<\/div>\n\t<\/div>\n\n\n\t<div class=\"grid-x grid-margin-x grid-padding-x block-bild-text le medium-margin-collapse\">\n\t  <div class=\"cell medium-4 large-4\">\n\t  \t\t\t\t\t\t\t\t\t\t<div class=\"singleImg\">\n\t\t\t\t\t\t<img decoding=\"async\" alt=\"\" title=\"\" class=\"bt-img\" src=\"https:\/\/bieler-augenzentrum.ch\/wp-content\/uploads\/examin_Spaltlampe-300x300.jpg\" \/>\n\t\t\t\t\t\t<div class=\"singleImgCaption\">Lampe \u00e0 fente photographique <\/div>\n\t\t\t\t\t<\/div>\n\t\t\t\t\t\t\t\t\n\t  \n\t  <\/div>\n\t  <div class=\"cell medium-8 large-8\"><p>Pour permettre au m\u00e9decin d&rsquo;\u00e9valuer les segments post\u00e9rieurs de l&rsquo;\u0153il, les pupilles doivent \u00eatre dilat\u00e9es avec des gouttes sp\u00e9ciales (mydriatiques). Suite \u00e0 quoi, la vision est alt\u00e9r\u00e9e pendant environ quatre heures, ce qui rend la conduite impossible pendant cette p\u00e9riode.<\/p>\n<p>La cam\u00e9ra de la lampe \u00e0 fente permet de photographier tous les changements et les r\u00e9sultats observ\u00e9s.<\/p>\n<\/div>\n\t<\/div>\n\n\n\n<p><\/p>\n","protected":false},"excerpt":{"rendered":"","protected":false},"author":2,"featured_media":0,"parent":7890,"menu_order":0,"comment_status":"closed","ping_status":"closed","template":"template-full-width-teaser.php","meta":{"_acf_changed":false,"footnotes":""},"class_list":["post-8169","page","type-page","status-publish","hentry"],"acf":[],"_links":{"self":[{"href":"https:\/\/bieler-augenzentrum.ch\/fr\/wp-json\/wp\/v2\/pages\/8169","targetHints":{"allow":["GET"]}}],"collection":[{"href":"https:\/\/bieler-augenzentrum.ch\/fr\/wp-json\/wp\/v2\/pages"}],"about":[{"href":"https:\/\/bieler-augenzentrum.ch\/fr\/wp-json\/wp\/v2\/types\/page"}],"author":[{"embeddable":true,"href":"https:\/\/bieler-augenzentrum.ch\/fr\/wp-json\/wp\/v2\/users\/2"}],"replies":[{"embeddable":true,"href":"https:\/\/bieler-augenzentrum.ch\/fr\/wp-json\/wp\/v2\/comments?post=8169"}],"version-history":[{"count":8,"href":"https:\/\/bieler-augenzentrum.ch\/fr\/wp-json\/wp\/v2\/pages\/8169\/revisions"}],"predecessor-version":[{"id":8931,"href":"https:\/\/bieler-augenzentrum.ch\/fr\/wp-json\/wp\/v2\/pages\/8169\/revisions\/8931"}],"up":[{"embeddable":true,"href":"https:\/\/bieler-augenzentrum.ch\/fr\/wp-json\/wp\/v2\/pages\/7890"}],"wp:attachment":[{"href":"https:\/\/bieler-augenzentrum.ch\/fr\/wp-json\/wp\/v2\/media?parent=8169"}],"curies":[{"name":"wp","href":"https:\/\/api.w.org\/{rel}","templated":true}]}}