{"id":8889,"date":"2019-11-05T11:44:49","date_gmt":"2019-11-05T09:44:49","guid":{"rendered":"https:\/\/bieler-augenzentrum.ch\/uber-uns\/eventail-des-prestations\/hornhaut-topographie-und-pachymetrie\/"},"modified":"2020-06-04T10:37:04","modified_gmt":"2020-06-04T08:37:04","slug":"topographie-pachymetrie","status":"publish","type":"page","link":"https:\/\/bieler-augenzentrum.ch\/fr\/a-propos\/eventail-des-prestations\/topographie-pachymetrie\/","title":{"rendered":"Topographie et pachym\u00e9trie corn\u00e9ennes"},"content":{"rendered":"\n<h2 class=\"wp-block-heading\"><\/h2>\n\n\n\t<div class=\"grid-x grid-margin-x grid-padding-x block-bild-text le medium-margin-collapse\">\n\t  <div class=\"cell medium-4 large-4\">\n\t  \t\t\t\t\t\t\t\t\t\t<div class=\"singleImg\">\n\t\t\t\t\t\t<img decoding=\"async\" alt=\"\" title=\"\" class=\"bt-img\" src=\"https:\/\/bieler-augenzentrum.ch\/wp-content\/uploads\/A-Scan-300x300.jpg\" \/>\n\t\t\t\t\t\t<div class=\"singleImgCaption\">A-Scan : Pachym\u00e8tre<\/div>\n\t\t\t\t\t<\/div>\n\t\t\t\t\t\t\t\t\n\t  \n\t  <\/div>\n\t  <div class=\"cell medium-8 large-8\"><h2>A-SCAN (MESURE DE LA LONGUEUR AXIALE)<\/h2>\n<p>La biom\u00e9trie A-scan est un appareil qui mesure la longueur de l&rsquo;\u0153il par ultrasons.<\/p>\n<p>Apr\u00e8s avoir appliqu\u00e9 une goutte d&rsquo;anesth\u00e9siant sur la corn\u00e9e, un petit stylo (sonde \u00e0 ultrasons) touche la corn\u00e9e et mesure la longueur de l&rsquo;\u0153il.<\/p>\n<h2>PACHYM\u00c9TRIE<\/h2>\n<p>Un pachym\u00e8tre est un appareil permettant de mesurer avec pr\u00e9cision l&rsquo;\u00e9paisseur de la corn\u00e9e (pr\u00e9cision de 1 \u00e0 5 microm\u00e8tres (\u03bcm)). Cela est essentiel pour d\u00e9terminer correctement la pression intraoculaire par tonom\u00e9trie, car la valeur mesur\u00e9e est influenc\u00e9e par l&rsquo;\u00e9paisseur de la corn\u00e9e dans la plupart des m\u00e9thodes courantes. La mesure de l&rsquo;\u00e9paisseur de la corn\u00e9e permet de calculer la pression intraoculaire r\u00e9elle. La valeur standard d&rsquo;une corn\u00e9e est d&rsquo;environ 550 \u03bcm.<\/p>\n<p>Apr\u00e8s avoir appliqu\u00e9 une goutte d&rsquo;anesth\u00e9sique sur la corn\u00e9e, un petit crayon touche la surface de la corn\u00e9e et mesure l&rsquo;\u00e9paisseur \u00e0 l&rsquo;aide d&rsquo;ultrasons.<\/p>\n<\/div>\n\t<\/div>\n\n\n\t<div class=\"grid-x grid-margin-x grid-padding-x block-bild-text le medium-margin-collapse\">\n\t  <div class=\"cell medium-4 large-4\">\n\t  \t\t\t\t\t\t\t\t\t\t<div class=\"singleImg\">\n\t\t\t\t\t\t<img decoding=\"async\" alt=\"\" title=\"\" class=\"bt-img\" src=\"https:\/\/bieler-augenzentrum.ch\/wp-content\/uploads\/Sirius-300x300.jpg\" \/>\n\t\t\t\t\t\t<div class=\"singleImgCaption\">Sirius : Topographe de la corn\u00e9e<\/div>\n\t\t\t\t\t<\/div>\n\t\t\t\t\t\t\t\t\n\t  \n\t  <\/div>\n\t  <div class=\"cell medium-8 large-8\"><p><!-- wp:heading --><\/p>\n<h2 id=\"oo3\">TOPOGRAPHIE DE LA CORN\u00c9E (SIRIUS)<\/h2>\n<p><!-- \/wp:heading --> <!-- wp:paragraph --><\/p>\n<p>Cet examen sert \u00e0 mesurer la surface ant\u00e9rieure et post\u00e9rieure de la corn\u00e9e. Il peut notamment \u00eatre utilis\u00e9 pour diagnostiquer un astigmatisme ou un amincissement de la corn\u00e9e avec un renflement (k\u00e9ratoc\u00f4ne). Cette proc\u00e9dure est \u00e9galement utilis\u00e9e pour l&rsquo;ajustement des lentilles de contact, afin de garantir une assise optimale de celle-ci. En cas d&rsquo;astigmatisme s\u00e9v\u00e8re, des lentilles sp\u00e9ciales, qui tiennent compte de la topographie, peuvent \u00eatre implant\u00e9es lors de l&rsquo;op\u00e9ration de la cataracte.<\/p>\n<p><!-- \/wp:paragraph --><\/p>\n<\/div>\n\t<\/div>\n\n\n\t<div class=\"grid-x grid-margin-x grid-padding-x block-bild-text ri medium-margin-collapse\">\n\t  <div class=\"cell medium-8 large-8 small-order-2 medium-order-1\"><p>La surface de la corn\u00e9e est unique \u00e0 chaque personne. Les surfaces ant\u00e9rieures et post\u00e9rieures de la corn\u00e9e sont mesur\u00e9es topographiquement, ce qui permet de calculer le relief de la corn\u00e9e. Ce relief est repr\u00e9sent\u00e9 graphiquement.<\/p>\n<\/div>\n\t  <div class=\"cell medium-4 large-4 small-order-1 medium-order-2\">\n\t  \t\t\t\t\t\t\t\t\t<div class=\"singleImg\">\n\t\t\t\t\t\t<img decoding=\"async\" alt=\"\" title=\"\" class=\"bt-img\" src=\"https:\/\/bieler-augenzentrum.ch\/wp-content\/uploads\/Hornhautoberflaeche-300x300.jpg\" \/>\n\t\t\t\t\t\t<div class=\"singleImgCaption\">Surface de la corn\u00e9e<\/div>\n\t\t\t\t\t<\/div>\n\t\t\t\t\t\t\t\t\n\t  <\/div>\n\t<\/div>\n\n\n\t<div class=\"grid-x grid-margin-x grid-padding-x block-bild-text le medium-margin-collapse\">\n\t  <div class=\"cell medium-4 large-4\">\n\t  \t\t\t\t\t\t\t\t\t\t<div class=\"singleImg\">\n\t\t\t\t\t\t<img decoding=\"async\" alt=\"\" title=\"\" class=\"bt-img\" src=\"https:\/\/bieler-augenzentrum.ch\/wp-content\/uploads\/Endothelkamera-300x300.jpg\" \/>\n\t\t\t\t\t\t<div class=\"singleImgCaption\">Cam\u00e9ra endoth\u00e9liale<\/div>\n\t\t\t\t\t<\/div>\n\t\t\t\t\t\t\t\t\n\t  \n\t  <\/div>\n\t  <div class=\"cell medium-8 large-8\"><h2>CAM\u00c9RA ENDOTH\u00c9LIALE (PERSEUS)<\/h2>\n<article id=\"cc4\" class=\"narrow\" role=\"article\">La chambre endoth\u00e9liale est utilis\u00e9e pour mesurer le nombre et la taille des cellules \u00e0 l&rsquo;int\u00e9rieur de la corn\u00e9e (endoth\u00e9lium corn\u00e9en), qui ont pour fonction de pomper l&rsquo;eau hors de la corn\u00e9e. Le tissu exige un m\u00e9tabolisme non perturb\u00e9.<\/p>\n<\/article>\n<\/div>\n\t<\/div>\n\n\n\t<div class=\"grid-x grid-margin-x grid-padding-x block-bild-text ri medium-margin-collapse\">\n\t  <div class=\"cell medium-8 large-8 small-order-2 medium-order-1\"><p>En cas de diminution du nombre de cellules ou de modification de la taille des cellules, il existe un risque d\u2019opacit\u00e9 de la corn\u00e9e. <\/p>\n<\/div>\n\t  <div class=\"cell medium-4 large-4 small-order-1 medium-order-2\">\n\t  \t\t\t\t\t\t\t\t\t<div class=\"singleImg\">\n\t\t\t\t\t\t<img decoding=\"async\" alt=\"\" title=\"\" class=\"bt-img\" src=\"https:\/\/bieler-augenzentrum.ch\/wp-content\/uploads\/Endothelkamera2-300x300.jpg\" \/>\n\t\t\t\t\t\t<div class=\"singleImgCaption\"><\/div>\n\t\t\t\t\t<\/div>\n\t\t\t\t\t\t\t\t\n\t  <\/div>\n\t<\/div>\n\n\n\n<p><\/p>\n","protected":false},"excerpt":{"rendered":"","protected":false},"author":2,"featured_media":0,"parent":7890,"menu_order":5,"comment_status":"closed","ping_status":"closed","template":"template-full-width-teaser.php","meta":{"_acf_changed":false,"footnotes":""},"class_list":["post-8889","page","type-page","status-publish","hentry"],"acf":[],"_links":{"self":[{"href":"https:\/\/bieler-augenzentrum.ch\/fr\/wp-json\/wp\/v2\/pages\/8889","targetHints":{"allow":["GET"]}}],"collection":[{"href":"https:\/\/bieler-augenzentrum.ch\/fr\/wp-json\/wp\/v2\/pages"}],"about":[{"href":"https:\/\/bieler-augenzentrum.ch\/fr\/wp-json\/wp\/v2\/types\/page"}],"author":[{"embeddable":true,"href":"https:\/\/bieler-augenzentrum.ch\/fr\/wp-json\/wp\/v2\/users\/2"}],"replies":[{"embeddable":true,"href":"https:\/\/bieler-augenzentrum.ch\/fr\/wp-json\/wp\/v2\/comments?post=8889"}],"version-history":[{"count":10,"href":"https:\/\/bieler-augenzentrum.ch\/fr\/wp-json\/wp\/v2\/pages\/8889\/revisions"}],"predecessor-version":[{"id":8949,"href":"https:\/\/bieler-augenzentrum.ch\/fr\/wp-json\/wp\/v2\/pages\/8889\/revisions\/8949"}],"up":[{"embeddable":true,"href":"https:\/\/bieler-augenzentrum.ch\/fr\/wp-json\/wp\/v2\/pages\/7890"}],"wp:attachment":[{"href":"https:\/\/bieler-augenzentrum.ch\/fr\/wp-json\/wp\/v2\/media?parent=8889"}],"curies":[{"name":"wp","href":"https:\/\/api.w.org\/{rel}","templated":true}]}}