{"id":9222,"date":"2019-11-03T16:06:23","date_gmt":"2019-11-03T14:06:23","guid":{"rendered":"https:\/\/bieler-augenzentrum.ch\/patients\/maladies-des-yeux\/netzhautabloesung-2\/"},"modified":"2020-12-10T18:41:02","modified_gmt":"2020-12-10T16:41:02","slug":"decollement-retinien","status":"publish","type":"page","link":"https:\/\/bieler-augenzentrum.ch\/fr\/patienten\/maladies-des-yeux\/decollement-retinien\/","title":{"rendered":"D\u00e9collement de la r\u00e9tine"},"content":{"rendered":"\n<p>Le d\u00e9collement de la r\u00e9tine (terme m\u00e9dical : Amotio\/Ablatio retinae) est une maladie ayant pour caract\u00e9ristique le d\u00e9collement de la partie int\u00e9rieure de la r\u00e9tine, contenant les cellules visuelles, de la couche sous-jacente (\u00e9pith\u00e9lium pigmentaire r\u00e9tinien).<\/p>\n\n\n\n<p>L&rsquo;\u00e9pith\u00e9lium pigmentaire r\u00e9tinien alimente une grande partie de la r\u00e9tine en oxyg\u00e8ne et en nutriments, et \u00e9limine les d\u00e9chets m\u00e9taboliques.<br>Dans le cas d&rsquo;un d\u00e9collement de la r\u00e9tine, la r\u00e9tine n&rsquo;est plus suffisamment aliment\u00e9e, ce qui, en l&rsquo;absence de traitement, peut conduire \u00e0 la c\u00e9cit\u00e9 de l&rsquo;\u0153il, car la r\u00e9tine (en particulier les photor\u00e9cepteurs) s&rsquo;atrophie. Par cons\u00e9quent, un d\u00e9collement de la r\u00e9tine est une urgence relative qui n\u00e9cessite un traitement ophtalmologique rapide (g\u00e9n\u00e9ralement une intervention chirurgicale).<\/p>\n\n\n\n\t<ul class=\"accordion\" data-accordion data-allow-all-closed=\"true\" data-multi-expand=\"true\">\n\t\n\t\t\t\t\t<li class=\"accordion-item grid-x grid-margin-x grid-padding-x\" data-accordion-item>\n\t\t\t\t<a href=\"#\" class=\"accordion-title small-12 medium-8 large-8 large-offset-4 medium-offset-4 cell\">CLASSIFICATION, FACTEURS DE RISQUE<\/a>\n\t\t\t\t<div class=\"accordion-content\" data-tab-content>\n\t\t\t\t\t<div class=\"grid-x grid-margin-x grid-padding-x medium-margin-collapse\">\n\t\t\t\t\t\t\n\t\t\t\t\t\t<div class=\"accordion-img small-12 medium-4 large-4 cell\">\n\t\t\t\t\t\t\t\t\t\t        \t\t\t\t            <div class=\"singleImg\">\n\t\t\t\t              <img decoding=\"async\" src=\"https:\/\/bieler-augenzentrum.ch\/wp-content\/uploads\/netz1-300x300.jpg\" alt=\"\" \/>\n\t\t\t\t               <div class=\"singleImgCaption\">D\u00e9collement de la r\u00e9tine dans la partie sup\u00e9rieure de la r\u00e9tine<\/div>\n\t\t\t\t            <\/div>\n\t\t\t\t        \t\t\t\t\t\t\t\t\n\t\t\t\t\t\t\t\n\t\t\t\t\t\t<\/div>\n\t\t\t\t\t\t<div class=\"accordion-txt small-12 medium-8 large-8 cell\">\n\t\t\t\t\t<p>La fr\u00e9quence d&rsquo;un d\u00e9collement de la r\u00e9tine est d&rsquo;environ 1 personne pour 10 000 par an. Le d\u00e9collement de la r\u00e9tine se produit plus souvent entre 60 et 70 ans, ce qui co\u00efncide avec un d\u00e9collement du vitr\u00e9e post\u00e9rieur (qui se produit alors naturellement et souvent), mais aussi avec une chirurgie de la cataracte.<\/p>\n<p><H2>CLASSIFICATION : <\/H2><br \/>\n<strong>D\u00e9collement r\u00e9tinien rhegmatog\u00e8ne (Rhegmatogenous Amotio retinae) : <\/strong><\/p>\n<p>C&rsquo;est le sous-type le plus courant de d\u00e9collement de la r\u00e9tine. Une fixation solide ou un \u00e9tirement du corps vitr\u00e9 peut provoquer des d\u00e9chirures ou des trous dans la r\u00e9tine, par lesquels du liquide peut s\u2019infiltrer sous la r\u00e9tine. Le d\u00e9collement de la r\u00e9tine commence g\u00e9n\u00e9ralement dans les zones ext\u00e9rieures de la r\u00e9tine et peut progresser vers le centre de la r\u00e9tine en quelques heures ou quelques jours.<\/p>\n<p>Facteurs de risque de d\u00e9collement de la r\u00e9tine d\u00fb \u00e0 une d\u00e9chirure :<\/p>\n<ul>\n<li>La myopie : les yeux myopes sont g\u00e9n\u00e9ralement plus longs que les yeux normaux et pr\u00e9sentent plus de points faibles, de fissures et de trous.<\/li>\n<li>De pr\u00e9c\u00e9dentes op\u00e9rations des yeux (par exemple, chirurgie de la cataracte)<\/li>\n<li>Les faiblesses cong\u00e9nitales ou acquises de la r\u00e9tine<\/li>\n<li>Les maladies syst\u00e9miques du tissu conjonctif (par exemple, le syndrome de Marfan, le syndrome d&rsquo;Ehlers-Danlos)<\/li>\n<li>Les l\u00e9sions oculaires<\/li>\n<li>Le d\u00e9collement de la r\u00e9tine de l&rsquo;autre \u0153il<\/li>\n<li>Des ant\u00e9c\u00e9dents familiaux de cas de d\u00e9collement de la r\u00e9tine<\/li>\n<\/ul>\n<p>&nbsp;<br \/>\n<strong>D\u00e9collement de la r\u00e9tine d\u00fb \u00e0 la traction (Tractive Amotio retinae) : <\/strong><\/p>\n<p>Dans le cadre de certaines maladies (par exemple le diab\u00e8te, l&rsquo;occlusion vasculaire, l&rsquo;inflammation), des membranes de tissu conjonctif peuvent se former sur ou sous la surface de la r\u00e9tine. Lorsque ces membranes se contractent, une tension se produit sur la r\u00e9tine et celle-ci se d\u00e9tache alors de l&rsquo;\u00e9pith\u00e9lium pigmentaire de la r\u00e9tine.<\/p>\n<p><strong>D\u00e9collement aqueux de la r\u00e9tine (Serous Amotio retinae) : <\/strong><\/p>\n<p>Dans ce sous-type, du liquide s&rsquo;accumule entre la r\u00e9tine et l&rsquo;\u00e9pith\u00e9lium pigmentaire sans raison m\u00e9canique. Les causes peuvent \u00eatre, par exemple, des inflammations ou des tumeurs.<\/p>\n\t\t\t\t\t\t<\/div>\n\t\t\t\t\t<\/div>\n\t\t\t\t<\/div>\n\t\t\t<\/li>\n\t\t\t\t\t<li class=\"accordion-item grid-x grid-margin-x grid-padding-x\" data-accordion-item>\n\t\t\t\t<a href=\"#\" class=\"accordion-title small-12 medium-8 large-8 large-offset-4 medium-offset-4 cell\">SYMPT\u00d4MES<\/a>\n\t\t\t\t<div class=\"accordion-content\" data-tab-content>\n\t\t\t\t\t<div class=\"grid-x grid-margin-x grid-padding-x medium-margin-collapse\">\n\t\t\t\t\t\t\n\t\t\t\t\t\t<div class=\"accordion-img small-12 medium-4 large-4 cell\">\n\t\t\t\t\t\t\t\n\t\t\t\t\t\t\t\n\t\t\t\t\t\t<\/div>\n\t\t\t\t\t\t<div class=\"accordion-txt small-12 medium-8 large-8 cell\">\n\t\t\t\t\t<p>Un d\u00e9collement de la r\u00e9tine est indolore et se manifeste par une diminution progressive du champ visuel.<br \/>\nLes premiers sympt\u00f4mes typiques d&rsquo;un d\u00e9collement de la r\u00e9tine d\u00fb \u00e0 une d\u00e9chirure peuvent \u00eatre : <\/p>\n<ul>\n<li>La perception d\u2019\u00e9clairs<\/li>\n<li>La perception des t\u00e2ches noires (\u00ab\u00a0mouches volantes\u00a0\u00bb, pluie de suie)<\/li>\n<li>La perception d&rsquo;une ombre ; au d\u00e9but, principalement dans le champ de vision externe, augmentant progressivement vers le centre ; ce n&rsquo;est que lorsque l&rsquo;ombre atteint le centre qu\u2019appara\u00eet le sympt\u00f4me tardif de perte d\u2019acuit\u00e9 visuelle. <\/li>\n<li>Des troubles de la vue<\/li>\n<\/ul>\n\t\t\t\t\t\t<\/div>\n\t\t\t\t\t<\/div>\n\t\t\t\t<\/div>\n\t\t\t<\/li>\n\t\t\t\t\t<li class=\"accordion-item grid-x grid-margin-x grid-padding-x\" data-accordion-item>\n\t\t\t\t<a href=\"#\" class=\"accordion-title small-12 medium-8 large-8 large-offset-4 medium-offset-4 cell\">DIAGNOSTIC<\/a>\n\t\t\t\t<div class=\"accordion-content\" data-tab-content>\n\t\t\t\t\t<div class=\"grid-x grid-margin-x grid-padding-x medium-margin-collapse\">\n\t\t\t\t\t\t\n\t\t\t\t\t\t<div class=\"accordion-img small-12 medium-4 large-4 cell\">\n\t\t\t\t\t\t\t\n\t\t\t\t\t\t\t\n\t\t\t\t\t\t<\/div>\n\t\t\t\t\t\t<div class=\"accordion-txt small-12 medium-8 large-8 cell\">\n\t\t\t\t\t<p>La suspicion d&rsquo;un d\u00e9collement de la r\u00e9tine n\u00e9cessite un examen ophtalmologique rapide (dans un d\u00e9lai de 1 jour, et \u00e0 titre exceptionnel, de 2 jours maximum).<br \/>\nPour diagnostiquer un d\u00e9collement de r\u00e9tine, l&rsquo;ophtalmologue utilise diff\u00e9rentes techniques d&rsquo;examen. Il s&rsquo;agit notamment de prendre les ant\u00e9c\u00e9dents m\u00e9dicaux du patient, les facteurs de risque, la dilatation de la pupille et l\u2019analyse du reflet r\u00e9tinien. D&rsquo;autres m\u00e9thodes d&rsquo;examen telles que les ultrasons, la tomographie par coh\u00e9rence optique (OCT) ou les cam\u00e9ras r\u00e9tiniennes, aident l&rsquo;ophtalmologiste \u00e0 \u00e9tablir un diagnostic ou \u00e0 \u00e9tudier l&rsquo;\u00e9volution de la maladie.<\/p>\n\t\t\t\t\t\t<\/div>\n\t\t\t\t\t<\/div>\n\t\t\t\t<\/div>\n\t\t\t<\/li>\n\t\t\t\t\t<li class=\"accordion-item grid-x grid-margin-x grid-padding-x\" data-accordion-item>\n\t\t\t\t<a href=\"#\" class=\"accordion-title small-12 medium-8 large-8 large-offset-4 medium-offset-4 cell\">TRAITEMENT<\/a>\n\t\t\t\t<div class=\"accordion-content\" data-tab-content>\n\t\t\t\t\t<div class=\"grid-x grid-margin-x grid-padding-x medium-margin-collapse\">\n\t\t\t\t\t\t\n\t\t\t\t\t\t<div class=\"accordion-img small-12 medium-4 large-4 cell\">\n\t\t\t\t\t\t\t\n\t\t\t\t\t\t\t\n\t\t\t\t\t\t<\/div>\n\t\t\t\t\t\t<div class=\"accordion-txt small-12 medium-8 large-8 cell\">\n\t\t\t\t\t<p>En fonction de l&rsquo;\u00e9tendue et de la localisation du d\u00e9collement de la r\u00e9tine, diff\u00e9rents traitements peuvent \u00eatre envisag\u00e9s.<br \/>\nPour les petites d\u00e9chirures ou les trous r\u00e9tiniens, un traitement au laser (r\u00e9tinopexie au laser) ou un traitement au froid (cryocoagulation) peuvent \u00eatre utilis\u00e9s. Le traitement cr\u00e9\u00e9 des cicatrices adh\u00e9rentes, qui sont la condition pr\u00e9alable \u00e0 la fixation de la r\u00e9tine \u00e0 la paroi oculaire. Cela ne fonctionne que tant que la r\u00e9tine est toujours en contact avec la couche inf\u00e9rieure (comme pour la soudure par points).<\/p>\n<p>Pour traiter un d\u00e9collement de la r\u00e9tine, il faut soulager les tensions qui ont provoqu\u00e9 la d\u00e9chirure de la r\u00e9tine. Cela peut se faire par un enfoncement de la paroi de l&rsquo;\u0153il sous l&rsquo;effet d&rsquo;une pression externe, exerc\u00e9e par exemple au moyen d&rsquo;un joint en plastique ou d&rsquo;une bande de plastique autour de l&rsquo;\u0153il (cerclage).<\/p>\n<p>Si cette proc\u00e9dure ne suffit pas \u00e0 stabiliser la r\u00e9tine, une vitrectomie est n\u00e9cessaire. Le corps vitr\u00e9 situ\u00e9 derri\u00e8re le cristallin de l&rsquo;\u0153il est retir\u00e9 sous anesth\u00e9sie locale ou g\u00e9n\u00e9rale et, en fonction de la stabilit\u00e9 de la r\u00e9tine, l&rsquo;\u0153il est rempli d&rsquo;air, de gaz ou d&rsquo;huile de silicone \u00e0 l\u2019issu de l\u2019op\u00e9ration.<\/p>\n<p>Dans le cas d&rsquo;un d\u00e9collement de r\u00e9tine s\u00e9reuse (aqueuse), le traitement de la maladie sous-jacente (inflammation, tumeur) devrait normalement conduire \u00e0 un recollage de la r\u00e9tine.<\/p>\n\t\t\t\t\t\t<\/div>\n\t\t\t\t\t<\/div>\n\t\t\t\t<\/div>\n\t\t\t<\/li>\n\t\t\t\t\t<li class=\"accordion-item grid-x grid-margin-x grid-padding-x\" data-accordion-item>\n\t\t\t\t<a href=\"#\" class=\"accordion-title small-12 medium-8 large-8 large-offset-4 medium-offset-4 cell\">PROPHYLAXIE, PRONOSTIC<\/a>\n\t\t\t\t<div class=\"accordion-content\" data-tab-content>\n\t\t\t\t\t<div class=\"grid-x grid-margin-x grid-padding-x medium-margin-collapse\">\n\t\t\t\t\t\t\n\t\t\t\t\t\t<div class=\"accordion-img small-12 medium-4 large-4 cell\">\n\t\t\t\t\t\t\t\n\t\t\t\t\t\t\t\n\t\t\t\t\t\t<\/div>\n\t\t\t\t\t\t<div class=\"accordion-txt small-12 medium-8 large-8 cell\">\n\t\t\t\t\t<p>Le pronostic d&rsquo;un d\u00e9collement de la r\u00e9tine d\u00e9pend, entre autres, de la localisation, de l&rsquo;\u00e9tendue et du d\u00e9lai compris entre l&rsquo;apparition des premiers sympt\u00f4mes et le d\u00e9but traitement. Dans le cas de petits d\u00e9collements situ\u00e9s loin du centre de la r\u00e9tine, qui peuvent \u00eatre rapidement trait\u00e9s chirurgicalement, une bonne r\u00e9cup\u00e9ration ou un maintien de l&rsquo;acuit\u00e9 visuelle sont g\u00e9n\u00e9ralement possibles. Si par contre il y a un d\u00e9collement du centre de la r\u00e9tine et\/ou si son traitement est retard\u00e9 de plusieurs jours, alors la r\u00e9cup\u00e9ration de la fonction visuelle initiale n&rsquo;est que rarement obtenue. L\u2019absence de traitement d\u2019un d\u00e9collement de la r\u00e9tine peut avoir pour cons\u00e9quence un r\u00e9tr\u00e9cissement lent et douloureux de l&rsquo;\u0153il (phthisis bulbi).<\/p>\n<p>Des examens ophtalmologiques r\u00e9guliers (au moins une fois par an) sont indispensables, en particulier pour les patients pr\u00e9sentant des facteurs de risque de d\u00e9collement de la r\u00e9tine (par exemple, myopie, d\u00e9collement de la r\u00e9tine dans l&rsquo;autre \u0153il, l\u00e9sions oculaires). En cas de sympt\u00f4mes typiques de d\u00e9collement de la r\u00e9tine (voir ci-dessus, notamment la perception d&rsquo;\u00e9clairs, de \u00ab\u00a0mouches volantes\u00a0\u00bb, d&rsquo;ombres), il convient de consulter rapidement un ophtalmologue (dans un d\u00e9lai de 1 \u00e0 2 jours au plus tard), car en cas de d\u00e9chirures ou de trous r\u00e9tiniens, un traitement imm\u00e9diat au laser, peut, dans certains cas, emp\u00eacher le d\u00e9collement de la r\u00e9tine.<\/p>\n\t\t\t\t\t\t<\/div>\n\t\t\t\t\t<\/div>\n\t\t\t\t<\/div>\n\t\t\t<\/li>\n\t\t\t\t\t<li class=\"accordion-item grid-x grid-margin-x grid-padding-x\" data-accordion-item>\n\t\t\t\t<a href=\"#\" class=\"accordion-title small-12 medium-8 large-8 large-offset-4 medium-offset-4 cell\">COMPORTEMENT APR\u00c8S L&rsquo;OP\u00c9RATION<\/a>\n\t\t\t\t<div class=\"accordion-content\" data-tab-content>\n\t\t\t\t\t<div class=\"grid-x grid-margin-x grid-padding-x medium-margin-collapse\">\n\t\t\t\t\t\t\n\t\t\t\t\t\t<div class=\"accordion-img small-12 medium-4 large-4 cell\">\n\t\t\t\t\t\t\t\n\t\t\t\t\t\t\t\n\t\t\t\t\t\t<\/div>\n\t\t\t\t\t\t<div class=\"accordion-txt small-12 medium-8 large-8 cell\">\n\t\t\t\t\t<p>Contactez-nous si vous ressentez des douleurs oculaires ou si survient une rougeur soudaine. Faites de m\u00eame si votre vue diminue subitement, si vous remarquez un voile devant l\u2019oeil ou si vous percevez des \u00e9clairs lumineux.<\/p>\n<p>De l\u00e9g\u00e8res irritations, des larmes ou une sensation de corps \u00e9tranger dans l\u2019oeil op\u00e9r\u00e9 sont normales pendant les deux premiers jours, tout comme une vision double et une sensibilit\u00e9 augment\u00e9e \u00e0 la lumi\u00e8re.<\/p>\n<p>Durant la journ\u00e9e aucun pansement n\u2019est n\u00e9cessaire. Vous pouvez prot\u00e9ger l\u2019oeil comme vous le souhaitez avec vos lunettes ou des lunettes de soleil.<\/p>\n<p>L\u2019oeil op\u00e9r\u00e9 est trait\u00e9 pendant quelques semaines avec des gouttes oculaires TobraDex selon le dosage de traitement :<\/p>\n<p><strong>Dosage de traitement<\/strong> (sauf prescription contraire)<br \/>\nBien agiter avant l\u2019utilisation, une goutte dans l\u2019oeil op\u00e9r\u00e9<\/p>\n<div style=\"width: 100%;height:42px;border-top: 1px solid #0c3a5f;border-bottom: 1px solid #0c3a5f;padding: 0 0 10px 0\">\n<div style=\"float: left;height:40px;border-right: 1px solid #0c3a5f;text-align: center;padding: 4px 0 0 0;width:25%\">env. 8h<\/div>\n<div style=\"float: left;height:40px;border-right: 1px solid #0c3a5f;text-align:center;padding: 4px 0 0 0;width:25%\">env. 12h<\/div>\n<div style=\"float: left;height:40px;border-right: 1px solid #0c3a5f;text-align:center;padding: 4px 0 0 0;width:25%\">env. 16h<\/div>\n<div style=\"float: left;height:40px;text-align: center;padding: 4px 0 0 0;width:25%\">env. 20hr<\/div>\n<\/div>\n<p>&nbsp;<br \/>\nVotre ophtalmologue vous dira lors de l\u2019examen de suivi quand vous pourrez r\u00e9duire les gouttes oculaires et quand vous pourrez \u00e0 nouveau conduire.<\/p>\n<p><strong>Il est permis :<\/strong><\/p>\n<ul>\n<li>De vous doucher ou de laver vos cheveux (en fermant l\u2019oeil op\u00e9r\u00e9). Cependant aucun savon ou shampoing ne doit entrer en contact avec l\u2019oeil op\u00e9r\u00e9.<\/li>\n<li>D\u2019effectuer des t\u00e2ches l\u00e9g\u00e8res, des activit\u00e9s de la vie de tous les jours, de se pencher, de pratiquer une gymnastique douce, de soulever un poids jusqu\u2019\u00e0 10 kg.<\/li>\n<li>De sortir se promener en prot\u00e9geant l\u2019oeil avec des lunettes de soleil.<\/li>\n<li>De regarder la t\u00e9l\u00e9vision, de lire et d\u2019\u00e9crire dans la mesure o\u00f9 cela vous convient.<\/li>\n<\/ul>\n<p>&nbsp;<br \/>\n<strong>Il est interdit :<\/strong><\/p>\n<ul>\n<li>De vous frotter les yeux, de faire pression sur l\u2019oeil ou de plisser les yeux avec force.<\/li>\n<li>De soulever des charges de plus de 10 kg la premi\u00e8re semaine.<\/li>\n<li>De travailler au jardin ou dans une ferme durant les deux premi\u00e8res semaines.<\/li>\n<li>De pratiquer des sports qui demandent de la force pendant les deux premi\u00e8res semaines, y compris la natation.<\/li>\n<li>De conduire un v\u00e9hicule avant l\u2019autorisation du m\u00e9decin ophtalmologiste traitant.<\/li>\n<li>De s\u00e9journer \u00e0 une altitude sup\u00e9rieure de 800 m\u00e8tres au-dessus du niveau de la mer pendant une semaine.<\/li>\n<\/ul>\n<p>&nbsp;<br \/>\nLes contr\u00f4les postop\u00e9ratoires ont lieu selon les rendez-vous fix\u00e9s. En g\u00e9n\u00e9ral, les contr\u00f4les sont effectu\u00e9s chez nous \u00e0 la clinique un \u00e0 deux jours apr\u00e8s l\u2019op\u00e9ration, puis un mois apr\u00e8s l\u2019op\u00e9ration. L\u2019examen une semaine apr\u00e8s l\u2019op\u00e9ration sera effectu\u00e9 par votre ophtalmologue.<\/p>\n<p>L\u2019adaptation de nouvelles lunettes n\u2019a g\u00e9n\u00e9ralement de sens que deux \u00e0 quatre semaines apr\u00e8s l\u2019op\u00e9ration. Entretemps une correction avec des verres provisoires peut \u00eatre prescrite.<\/p>\n<p>En cas d\u2019urgence (\u00e9galement le samedi, le dimanche et les jours f\u00e9ri\u00e9s), vous pouvez contacter le m\u00e9decin de service de la clinique ophtalmologique au num\u00e9ro suivant :<br \/>\n<a href=\"http:\/\/+41313111222\">031 311 12 22<\/a><\/p>\n\t\t\t\t\t\t<\/div>\n\t\t\t\t\t<\/div>\n\t\t\t\t<\/div>\n\t\t\t<\/li>\n\t\t\t\n\t<\/ul>\n\n","protected":false},"excerpt":{"rendered":"<p>Le d\u00e9collement de la r\u00e9tine (terme m\u00e9dical : Amotio\/Ablatio retinae) est une maladie ayant pour caract\u00e9ristique le d\u00e9collement de la partie int\u00e9rieure de la r\u00e9tine, contenant les cellules visuelles, de la couche sous-jacente (\u00e9pith\u00e9lium pigmentaire r\u00e9tinien). L&rsquo;\u00e9pith\u00e9lium pigmentaire r\u00e9tinien alimente une grande partie de la r\u00e9tine en oxyg\u00e8ne et en nutriments, et \u00e9limine les d\u00e9chets<a class=\"excerpt-read-more\" href=\"https:\/\/bieler-augenzentrum.ch\/fr\/patienten\/maladies-des-yeux\/decollement-retinien\/\" title=\"ReadD\u00e9collement de la r\u00e9tine\">&#8230; Read more &raquo;<\/a><\/p>\n","protected":false},"author":3,"featured_media":0,"parent":7867,"menu_order":5,"comment_status":"closed","ping_status":"closed","template":"template-full-width-teaser.php","meta":{"_acf_changed":false,"footnotes":""},"class_list":["post-9222","page","type-page","status-publish","hentry"],"acf":[],"_links":{"self":[{"href":"https:\/\/bieler-augenzentrum.ch\/fr\/wp-json\/wp\/v2\/pages\/9222","targetHints":{"allow":["GET"]}}],"collection":[{"href":"https:\/\/bieler-augenzentrum.ch\/fr\/wp-json\/wp\/v2\/pages"}],"about":[{"href":"https:\/\/bieler-augenzentrum.ch\/fr\/wp-json\/wp\/v2\/types\/page"}],"author":[{"embeddable":true,"href":"https:\/\/bieler-augenzentrum.ch\/fr\/wp-json\/wp\/v2\/users\/3"}],"replies":[{"embeddable":true,"href":"https:\/\/bieler-augenzentrum.ch\/fr\/wp-json\/wp\/v2\/comments?post=9222"}],"version-history":[{"count":7,"href":"https:\/\/bieler-augenzentrum.ch\/fr\/wp-json\/wp\/v2\/pages\/9222\/revisions"}],"predecessor-version":[{"id":10075,"href":"https:\/\/bieler-augenzentrum.ch\/fr\/wp-json\/wp\/v2\/pages\/9222\/revisions\/10075"}],"up":[{"embeddable":true,"href":"https:\/\/bieler-augenzentrum.ch\/fr\/wp-json\/wp\/v2\/pages\/7867"}],"wp:attachment":[{"href":"https:\/\/bieler-augenzentrum.ch\/fr\/wp-json\/wp\/v2\/media?parent=9222"}],"curies":[{"name":"wp","href":"https:\/\/api.w.org\/{rel}","templated":true}]}}